{"id":339502,"date":"2025-10-20T15:50:36","date_gmt":"2025-10-20T18:50:36","guid":{"rendered":"https:\/\/www.livrariarema.com.br\/loja\/produtos\/sem categoria\/elas-ann-spangler-e-jean-e-syswerda\/"},"modified":"2026-04-24T14:51:29","modified_gmt":"2026-04-24T17:51:29","slug":"elas-ann-spangler-e-jean-e-syswerda","status":"publish","type":"product","link":"https:\/\/www.livrariarema.com.br\/loja\/produtos\/livros\/mulher\/elas-ann-spangler-e-jean-e-syswerda\/","title":{"rendered":"Elas &#8211; Ann Spangler E Jean E. Syswerda"},"content":{"rendered":"<p>A nova edi\u00e7\u00e3o do livro Elas apresenta a hist\u00f3ria de 52 mulheres da B\u00edblia, revelando como enfrentaram desafios com f\u00e9 e coragem. Cada semana traz reflex\u00f5es sobre a vida, o contexto cultural, o legado b\u00edblico, promessas de Deus e uma ora\u00e7\u00e3o inspirada em cada personagem. Ideal para devocionais pessoais ou estudos em grupo, o livro oferece uma nova perspectiva do cuidado de Deus e fortalece a f\u00e9 ao conectar as experi\u00eancias dessas mulheres com a nossa realidade.<\/p>\n","protected":false},"excerpt":{"rendered":"<p>A nova edi\u00e7\u00e3o do livro Elas apresenta a hist\u00f3ria de 52 mulheres da B\u00edblia, revelando como enfrentaram desafios com f\u00e9&hellip;<\/p>\n","protected":false},"featured_media":347184,"comment_status":"open","ping_status":"closed","template":"","meta":[],"product_cat":[134,170],"product_tag":[],"_links":{"self":[{"href":"https:\/\/www.livrariarema.com.br\/loja\/wp-json\/wp\/v2\/product\/339502"}],"collection":[{"href":"https:\/\/www.livrariarema.com.br\/loja\/wp-json\/wp\/v2\/product"}],"about":[{"href":"https:\/\/www.livrariarema.com.br\/loja\/wp-json\/wp\/v2\/types\/product"}],"replies":[{"embeddable":true,"href":"https:\/\/www.livrariarema.com.br\/loja\/wp-json\/wp\/v2\/comments?post=339502"}],"wp:featuredmedia":[{"embeddable":true,"href":"https:\/\/www.livrariarema.com.br\/loja\/wp-json\/wp\/v2\/media\/347184"}],"wp:attachment":[{"href":"https:\/\/www.livrariarema.com.br\/loja\/wp-json\/wp\/v2\/media?parent=339502"}],"wp:term":[{"taxonomy":"product_cat","embeddable":true,"href":"https:\/\/www.livrariarema.com.br\/loja\/wp-json\/wp\/v2\/product_cat?post=339502"},{"taxonomy":"product_tag","embeddable":true,"href":"https:\/\/www.livrariarema.com.br\/loja\/wp-json\/wp\/v2\/product_tag?post=339502"}],"curies":[{"name":"wp","href":"https:\/\/api.w.org\/{rel}","templated":true}]}}