{"id":339506,"date":"2025-10-20T15:50:58","date_gmt":"2025-10-20T18:50:58","guid":{"rendered":"https:\/\/www.livrariarema.com.br\/loja\/produtos\/sem categoria\/quando-o-verao-me-trouxe-flores-thais-oliveira\/"},"modified":"2026-02-06T12:11:23","modified_gmt":"2026-02-06T15:11:23","slug":"quando-o-verao-me-trouxe-flores-thais-oliveira","status":"publish","type":"product","link":"https:\/\/www.livrariarema.com.br\/loja\/produtos\/livros\/ficcao\/quando-o-verao-me-trouxe-flores-thais-oliveira\/","title":{"rendered":"Quando O Ver\u00e3o Me Trouxe Flores &#8211; Tha\u00eds Oliveira"},"content":{"rendered":"<p>Nem sempre a f\u00e9 floresce no ver\u00e3o. \u00c0s vezes, ela amadurece no sil\u00eancio do inverno, na dor do outono ou na espera da primavera. Quando o ver\u00e3o me trouxe flores \u00e9 uma narrativa sens\u00edvel e profunda sobre o florescimento da alma em meio \u00e0s esta\u00e7\u00f5es mais dif\u00edceis da vida.<\/p>\n<p>Tha\u00eds Oliveira conduz o leitor por uma hist\u00f3ria que toca, cura e convida \u00e0 esperan\u00e7a, mesmo quando tudo parece sem cor.<\/p>\n","protected":false},"excerpt":{"rendered":"<p>Nem sempre a f\u00e9 floresce no ver\u00e3o. \u00c0s vezes, ela amadurece no sil\u00eancio do inverno, na dor do outono ou&hellip;<\/p>\n","protected":false},"featured_media":339505,"comment_status":"open","ping_status":"closed","template":"","meta":[],"product_cat":[162,134],"product_tag":[],"_links":{"self":[{"href":"https:\/\/www.livrariarema.com.br\/loja\/wp-json\/wp\/v2\/product\/339506"}],"collection":[{"href":"https:\/\/www.livrariarema.com.br\/loja\/wp-json\/wp\/v2\/product"}],"about":[{"href":"https:\/\/www.livrariarema.com.br\/loja\/wp-json\/wp\/v2\/types\/product"}],"replies":[{"embeddable":true,"href":"https:\/\/www.livrariarema.com.br\/loja\/wp-json\/wp\/v2\/comments?post=339506"}],"wp:featuredmedia":[{"embeddable":true,"href":"https:\/\/www.livrariarema.com.br\/loja\/wp-json\/wp\/v2\/media\/339505"}],"wp:attachment":[{"href":"https:\/\/www.livrariarema.com.br\/loja\/wp-json\/wp\/v2\/media?parent=339506"}],"wp:term":[{"taxonomy":"product_cat","embeddable":true,"href":"https:\/\/www.livrariarema.com.br\/loja\/wp-json\/wp\/v2\/product_cat?post=339506"},{"taxonomy":"product_tag","embeddable":true,"href":"https:\/\/www.livrariarema.com.br\/loja\/wp-json\/wp\/v2\/product_tag?post=339506"}],"curies":[{"name":"wp","href":"https:\/\/api.w.org\/{rel}","templated":true}]}}