{"id":339510,"date":"2025-10-20T15:51:24","date_gmt":"2025-10-20T18:51:24","guid":{"rendered":"https:\/\/www.livrariarema.com.br\/loja\/produtos\/sem categoria\/uma-questao-de-honra-luciano-subira\/"},"modified":"2026-02-18T11:30:53","modified_gmt":"2026-02-18T14:30:53","slug":"uma-questao-de-honra-luciano-subira","status":"publish","type":"product","link":"https:\/\/www.livrariarema.com.br\/loja\/produtos\/livros\/vida-crista\/uma-questao-de-honra-luciano-subira\/","title":{"rendered":"Uma Quest\u00e3o De Honra &#8211; Luciano Subir\u00e1"},"content":{"rendered":"<p>Honrar a Deus vai muito al\u00e9m de entregar d\u00edzimos e ofertas. Luciano Subir\u00e1 revela que a verdadeira generosidade n\u00e3o come\u00e7a no bolso, mas no cora\u00e7\u00e3o.<\/p>\n<p>A partir de princ\u00edpios extra\u00eddos das Escrituras &#8211; como a lei das prim\u00edcias, a integridade nas finan\u00e7as, o contentamento e a mordomia -, o autor demonstra que a contribui\u00e7\u00e3o material \u00e9 apenas uma das express\u00f5es de honra a Deus, e que essa honra deve permear todas as nossas decis\u00f5es, atitudes e prioridades.<\/p>\n<p>Pr\u00e1tico, b\u00edblico e transformador, Uma quest\u00e3o de honra nos desafia a reorganizar nossas motiva\u00e7\u00f5es e a viver de forma que o dinheiro seja servo, e n\u00e3o senhor. A recompensa? Um relacionamento mais \u00edntimo com Deus e a experi\u00eancia das b\u00ean\u00e7\u00e3os que ele prometeu \u00e0queles que o colocam em primeiro lugar.<\/p>\n","protected":false},"excerpt":{"rendered":"<p>Honrar a Deus vai muito al\u00e9m de entregar d\u00edzimos e ofertas. Luciano Subir\u00e1 revela que a verdadeira generosidade n\u00e3o come\u00e7a&hellip;<\/p>\n","protected":false},"featured_media":339509,"comment_status":"open","ping_status":"closed","template":"","meta":[],"product_cat":[134,137],"product_tag":[],"_links":{"self":[{"href":"https:\/\/www.livrariarema.com.br\/loja\/wp-json\/wp\/v2\/product\/339510"}],"collection":[{"href":"https:\/\/www.livrariarema.com.br\/loja\/wp-json\/wp\/v2\/product"}],"about":[{"href":"https:\/\/www.livrariarema.com.br\/loja\/wp-json\/wp\/v2\/types\/product"}],"replies":[{"embeddable":true,"href":"https:\/\/www.livrariarema.com.br\/loja\/wp-json\/wp\/v2\/comments?post=339510"}],"wp:featuredmedia":[{"embeddable":true,"href":"https:\/\/www.livrariarema.com.br\/loja\/wp-json\/wp\/v2\/media\/339509"}],"wp:attachment":[{"href":"https:\/\/www.livrariarema.com.br\/loja\/wp-json\/wp\/v2\/media?parent=339510"}],"wp:term":[{"taxonomy":"product_cat","embeddable":true,"href":"https:\/\/www.livrariarema.com.br\/loja\/wp-json\/wp\/v2\/product_cat?post=339510"},{"taxonomy":"product_tag","embeddable":true,"href":"https:\/\/www.livrariarema.com.br\/loja\/wp-json\/wp\/v2\/product_tag?post=339510"}],"curies":[{"name":"wp","href":"https:\/\/api.w.org\/{rel}","templated":true}]}}