{"id":339539,"date":"2025-10-20T15:56:03","date_gmt":"2025-10-20T18:56:03","guid":{"rendered":"https:\/\/www.livrariarema.com.br\/loja\/produtos\/sem categoria\/ntlh063bets-biblia-explicada-para-criancas-smilinguido-futebol\/"},"modified":"2026-03-11T14:51:08","modified_gmt":"2026-03-11T17:51:08","slug":"ntlh063bets-biblia-explicada-para-criancas-smilinguido-futebol","status":"publish","type":"product","link":"https:\/\/www.livrariarema.com.br\/loja\/produtos\/biblias\/infantil-biblias\/ntlh063bets-biblia-explicada-para-criancas-smilinguido-futebol\/","title":{"rendered":"Ntlh063bets &#8211; B\u00edblia Explicada Para Crian\u00e7as &#8211; Smilinguido &#8211; Futebol"},"content":{"rendered":"<p>B\u00edblia Explicada para Crian\u00e7as &#8211; Ilustrada com Smiling\u00fcido &#8211; Nova Tradu\u00e7\u00e3o na Linguagem de Hoje (NTLH)<br \/>\nUma B\u00edblia feita especialmente para os pequenos! Com linguagem acess\u00edvel, explica\u00e7\u00f5es simples e recursos visuais encantadores, esta edi\u00e7\u00e3o ajuda as crian\u00e7as a compreenderem melhor as hist\u00f3rias e os ensinamentos da Palavra de Deus.<\/p>\n<p>RECURSOS ESPECIAIS:<br \/>\nTexto b\u00edblico completo na Nova Tradu\u00e7\u00e3o na Linguagem de Hoje (NTLH)<br \/>\nIntrodu\u00e7\u00f5es a cada livro com resumo do conte\u00fado e mensagem central<br \/>\nGPS: Notas geogr\u00e1ficas com curiosidades sobre os locais mencionados na B\u00edblia<br \/>\nN\u00e3o entendo!: Explica\u00e7\u00f5es culturais, lingu\u00edsticas, hist\u00f3ricas e teol\u00f3gicas em linguagem simples<br \/>\nQue nome \u00e9 esse? Significados dos nomes de personagens e seu papel no plano divino<br \/>\nVoc\u00ea j\u00e1 aprendeu? Perguntas divertidas para confirmar a compreens\u00e3o da crian\u00e7a<br \/>\nE ent\u00e3o? Reflex\u00f5es finais ao t\u00e9rmino de cada livro, com aplica\u00e7\u00e3o pr\u00e1tica para a vida da crian\u00e7a<br \/>\nVocabul\u00e1rio<br \/>\nLeitura cronol\u00f3gica<br \/>\nGuia com os principais acontecimentos b\u00edblicos<br \/>\nUm ano com a B\u00edblia<br \/>\nO que a B\u00edblia diz sobre o perd\u00e3o de Deus<\/p>\n","protected":false},"excerpt":{"rendered":"<p>B\u00edblia Explicada para Crian\u00e7as &#8211; Ilustrada com Smiling\u00fcido &#8211; Nova Tradu\u00e7\u00e3o na Linguagem de Hoje (NTLH) Uma B\u00edblia feita especialmente&hellip;<\/p>\n","protected":false},"featured_media":339538,"comment_status":"open","ping_status":"closed","template":"","meta":[],"product_cat":[139,202],"product_tag":[],"_links":{"self":[{"href":"https:\/\/www.livrariarema.com.br\/loja\/wp-json\/wp\/v2\/product\/339539"}],"collection":[{"href":"https:\/\/www.livrariarema.com.br\/loja\/wp-json\/wp\/v2\/product"}],"about":[{"href":"https:\/\/www.livrariarema.com.br\/loja\/wp-json\/wp\/v2\/types\/product"}],"replies":[{"embeddable":true,"href":"https:\/\/www.livrariarema.com.br\/loja\/wp-json\/wp\/v2\/comments?post=339539"}],"wp:featuredmedia":[{"embeddable":true,"href":"https:\/\/www.livrariarema.com.br\/loja\/wp-json\/wp\/v2\/media\/339538"}],"wp:attachment":[{"href":"https:\/\/www.livrariarema.com.br\/loja\/wp-json\/wp\/v2\/media?parent=339539"}],"wp:term":[{"taxonomy":"product_cat","embeddable":true,"href":"https:\/\/www.livrariarema.com.br\/loja\/wp-json\/wp\/v2\/product_cat?post=339539"},{"taxonomy":"product_tag","embeddable":true,"href":"https:\/\/www.livrariarema.com.br\/loja\/wp-json\/wp\/v2\/product_tag?post=339539"}],"curies":[{"name":"wp","href":"https:\/\/api.w.org\/{rel}","templated":true}]}}