{"id":339614,"date":"2025-10-20T16:53:55","date_gmt":"2025-10-20T19:53:55","guid":{"rendered":"https:\/\/www.livrariarema.com.br\/loja\/produtos\/sem categoria\/comentarios-expositivos-1-reis-hernandes-dias-lopes\/"},"modified":"2026-01-14T12:34:33","modified_gmt":"2026-01-14T15:34:33","slug":"comentarios-expositivos-1-reis-hernandes-dias-lopes","status":"publish","type":"product","link":"https:\/\/www.livrariarema.com.br\/loja\/produtos\/livros\/comentario-biblico\/comentarios-expositivos-1-reis-hernandes-dias-lopes\/","title":{"rendered":"Coment\u00e1rios Expositivos &#8211; 1 Reis &#8211; Hernandes Dias Lopes"},"content":{"rendered":"<p>O livro de 1 Reis &#8211; Coment\u00e1rios Expositivos de Hernandes Dias Lopes, conduz o leitor por uma jornada intensa nos altos e baixos do povo de Israel, desde o crep\u00fasculo do reinado de Davi at\u00e9 os dias sombrios da divis\u00e3o do reino. Apresenta um panorama dram\u00e1tico da hist\u00f3ria de Israel, revelando como reis piedosos e \u00edmpios alternaram-se no trono, moldando o destino da na\u00e7\u00e3o. De Salom\u00e3o a Acabe, passando pelo minist\u00e9rio prof\u00e9tico de Elias, destaca os perigos da idolatria, os efeitos da lideran\u00e7a corrupta e o chamado constante de Deus ao arrependimento e \u00e0 obedi\u00eancia \u00e0 sua alian\u00e7a. Tra\u00e7a, assim, um retrato v\u00edvido de uma na\u00e7\u00e3o em decl\u00ednio espiritual, mas ainda alvo da fidelidade divina, pois, em meio \u00e0 decad\u00eancia, o Senhor levanta profetas como Elias, boca de Deus em tempos de apostasia, e renova a esperan\u00e7a messi\u00e2nica no Filho de Davi, que reinar\u00e1 eternamente. <\/p>\n<p>Pastores, l\u00edderes e crist\u00e3os em geral s\u00e3o assim chamados a discernirem os tempos, restaurarem o altar da verdadeira adora\u00e7\u00e3o e viverem de forma santa sob a autoridade do Rei dos reis. Uma leitura indispens\u00e1vel para quem deseja entender os caminhos de Deus na hist\u00f3ria e responder com f\u00e9 e obedi\u00eancia em sua pr\u00f3pria gera\u00e7\u00e3o.<\/p>\n","protected":false},"excerpt":{"rendered":"<p>O livro de 1 Reis &#8211; Coment\u00e1rios Expositivos de Hernandes Dias Lopes, conduz o leitor por uma jornada intensa nos&hellip;<\/p>\n","protected":false},"featured_media":339613,"comment_status":"open","ping_status":"closed","template":"","meta":[],"product_cat":[164,134],"product_tag":[],"_links":{"self":[{"href":"https:\/\/www.livrariarema.com.br\/loja\/wp-json\/wp\/v2\/product\/339614"}],"collection":[{"href":"https:\/\/www.livrariarema.com.br\/loja\/wp-json\/wp\/v2\/product"}],"about":[{"href":"https:\/\/www.livrariarema.com.br\/loja\/wp-json\/wp\/v2\/types\/product"}],"replies":[{"embeddable":true,"href":"https:\/\/www.livrariarema.com.br\/loja\/wp-json\/wp\/v2\/comments?post=339614"}],"wp:featuredmedia":[{"embeddable":true,"href":"https:\/\/www.livrariarema.com.br\/loja\/wp-json\/wp\/v2\/media\/339613"}],"wp:attachment":[{"href":"https:\/\/www.livrariarema.com.br\/loja\/wp-json\/wp\/v2\/media?parent=339614"}],"wp:term":[{"taxonomy":"product_cat","embeddable":true,"href":"https:\/\/www.livrariarema.com.br\/loja\/wp-json\/wp\/v2\/product_cat?post=339614"},{"taxonomy":"product_tag","embeddable":true,"href":"https:\/\/www.livrariarema.com.br\/loja\/wp-json\/wp\/v2\/product_tag?post=339614"}],"curies":[{"name":"wp","href":"https:\/\/api.w.org\/{rel}","templated":true}]}}