{"id":339717,"date":"2025-10-23T15:40:43","date_gmt":"2025-10-23T18:40:43","guid":{"rendered":"https:\/\/www.livrariarema.com.br\/loja\/produtos\/sem categoria\/papel-de-carta-4-unidades-borboletas-no-jardim\/"},"modified":"2026-04-02T12:20:55","modified_gmt":"2026-04-02T15:20:55","slug":"papel-de-carta-4-unidades-borboletas-no-jardim","status":"publish","type":"product","link":"https:\/\/www.livrariarema.com.br\/loja\/produtos\/papelaria\/papel-de-carta\/papel-de-carta-4-unidades-borboletas-no-jardim\/","title":{"rendered":"Papel De Carta &#8211; 4 Unidades &#8211; Borboletas No Jardim"},"content":{"rendered":"<p>Relembre o encanto de escrever \u00e0 m\u00e3o com o Papel de Carta Borboletas no Jardim. Um mimo cheio de charme, feito tamb\u00e9m para guardar, trocar ou colecionar com amor.<br \/>\nDetalhes:<br \/>\n* 4 folhas de papel de carta estampado<br \/>\n* Papel offset 90g\/m\u00b2 &#8211; formato 15,5x23cm<br \/>\n* 4 envelopes estampados em papel offset 120g\/m\u00b2<br \/>\n* 4 adesivos fofinhos coordenados<br \/>\n* Embalagem pr\u00e1tica e charmosa<\/p>\n","protected":false},"excerpt":{"rendered":"<p>Relembre o encanto de escrever \u00e0 m\u00e3o com o Papel de Carta Borboletas no Jardim. Um mimo cheio de charme,&hellip;<\/p>\n","protected":false},"featured_media":339996,"comment_status":"open","ping_status":"closed","template":"","meta":[],"product_cat":[310,215],"product_tag":[],"_links":{"self":[{"href":"https:\/\/www.livrariarema.com.br\/loja\/wp-json\/wp\/v2\/product\/339717"}],"collection":[{"href":"https:\/\/www.livrariarema.com.br\/loja\/wp-json\/wp\/v2\/product"}],"about":[{"href":"https:\/\/www.livrariarema.com.br\/loja\/wp-json\/wp\/v2\/types\/product"}],"replies":[{"embeddable":true,"href":"https:\/\/www.livrariarema.com.br\/loja\/wp-json\/wp\/v2\/comments?post=339717"}],"wp:featuredmedia":[{"embeddable":true,"href":"https:\/\/www.livrariarema.com.br\/loja\/wp-json\/wp\/v2\/media\/339996"}],"wp:attachment":[{"href":"https:\/\/www.livrariarema.com.br\/loja\/wp-json\/wp\/v2\/media?parent=339717"}],"wp:term":[{"taxonomy":"product_cat","embeddable":true,"href":"https:\/\/www.livrariarema.com.br\/loja\/wp-json\/wp\/v2\/product_cat?post=339717"},{"taxonomy":"product_tag","embeddable":true,"href":"https:\/\/www.livrariarema.com.br\/loja\/wp-json\/wp\/v2\/product_tag?post=339717"}],"curies":[{"name":"wp","href":"https:\/\/api.w.org\/{rel}","templated":true}]}}