{"id":339725,"date":"2025-10-23T15:41:22","date_gmt":"2025-10-23T18:41:22","guid":{"rendered":"https:\/\/www.livrariarema.com.br\/loja\/produtos\/sem categoria\/album-de-fotos-g-fina-ideia-borboletas-no-jardim\/"},"modified":"2026-01-14T12:35:29","modified_gmt":"2026-01-14T15:35:29","slug":"album-de-fotos-g-fina-ideia-borboletas-no-jardim","status":"publish","type":"product","link":"https:\/\/www.livrariarema.com.br\/loja\/produtos\/papelaria\/album-de-fotos-diario-do-bebe\/album-de-fotos-g-fina-ideia-borboletas-no-jardim\/","title":{"rendered":"\u00c1lbum De Fotos &#8211; G &#8211; Fina Ideia &#8211; Borboletas No Jardim"},"content":{"rendered":"<p>Este \u00e1lbum encantador \u00e9 ideal para guardar lembran\u00e7as especiais com afeto. Perfeito para fotos, scrapbook ou lettering, vem pronto para presentear com carinho.<br \/>\nDetalhes:<br \/>\n* Capa dura com capa protetora transparente<br \/>\n* Miolo com 30 folhas pretas 180g\/m\u00b2<br \/>\n* Folhas protetoras intercaladas<br \/>\n* Formato 21,8\u00d723,5cm<br \/>\n* Encaderna\u00e7\u00e3o wire-o<br \/>\n* Embalagem com caixa kraft e tampa em acetato<\/p>\n","protected":false},"excerpt":{"rendered":"<p>Este \u00e1lbum encantador \u00e9 ideal para guardar lembran\u00e7as especiais com afeto. Perfeito para fotos, scrapbook ou lettering, vem pronto para&hellip;<\/p>\n","protected":false},"featured_media":340001,"comment_status":"open","ping_status":"closed","template":"","meta":[],"product_cat":[217,215],"product_tag":[],"_links":{"self":[{"href":"https:\/\/www.livrariarema.com.br\/loja\/wp-json\/wp\/v2\/product\/339725"}],"collection":[{"href":"https:\/\/www.livrariarema.com.br\/loja\/wp-json\/wp\/v2\/product"}],"about":[{"href":"https:\/\/www.livrariarema.com.br\/loja\/wp-json\/wp\/v2\/types\/product"}],"replies":[{"embeddable":true,"href":"https:\/\/www.livrariarema.com.br\/loja\/wp-json\/wp\/v2\/comments?post=339725"}],"wp:featuredmedia":[{"embeddable":true,"href":"https:\/\/www.livrariarema.com.br\/loja\/wp-json\/wp\/v2\/media\/340001"}],"wp:attachment":[{"href":"https:\/\/www.livrariarema.com.br\/loja\/wp-json\/wp\/v2\/media?parent=339725"}],"wp:term":[{"taxonomy":"product_cat","embeddable":true,"href":"https:\/\/www.livrariarema.com.br\/loja\/wp-json\/wp\/v2\/product_cat?post=339725"},{"taxonomy":"product_tag","embeddable":true,"href":"https:\/\/www.livrariarema.com.br\/loja\/wp-json\/wp\/v2\/product_tag?post=339725"}],"curies":[{"name":"wp","href":"https:\/\/api.w.org\/{rel}","templated":true}]}}