{"id":339729,"date":"2025-10-23T15:41:37","date_gmt":"2025-10-23T18:41:37","guid":{"rendered":"https:\/\/www.livrariarema.com.br\/loja\/produtos\/sem categoria\/album-de-fotos-g-fina-ideia-gato-na-janela\/"},"modified":"2025-10-24T14:54:48","modified_gmt":"2025-10-24T17:54:48","slug":"album-de-fotos-g-fina-ideia-gato-na-janela","status":"publish","type":"product","link":"https:\/\/www.livrariarema.com.br\/loja\/produtos\/papelaria\/album-de-fotos-diario-do-bebe\/album-de-fotos-g-fina-ideia-gato-na-janela\/","title":{"rendered":"\u00c1lbum De Fotos &#8211; G &#8211; Fina Ideia &#8211; Gato Na Janela"},"content":{"rendered":"<p>Para quem ama pets e valoriza lembran\u00e7as especiais, este \u00e1lbum \u00e9 puro encanto. Ideal para fotos, scrapbook ou lettering , vem pronto para presentear com carinho.<br \/>\nDetalhes:<br \/>\n* Capa dura com capa protetora transparente<br \/>\n* Miolo com 30 folhas pretas 180g\/m\u00b2<br \/>\n* Folhas protetoras intercaladas<br \/>\n* Formato 21,8\u00d723,5cm<br \/>\n* Encaderna\u00e7\u00e3o wire-o<br \/>\n* Embalagem com caixa kraft e tampa em acetato<\/p>\n","protected":false},"excerpt":{"rendered":"<p>Para quem ama pets e valoriza lembran\u00e7as especiais, este \u00e1lbum \u00e9 puro encanto. Ideal para fotos, scrapbook ou lettering ,&hellip;<\/p>\n","protected":false},"featured_media":340003,"comment_status":"open","ping_status":"closed","template":"","meta":[],"product_cat":[217,215],"product_tag":[],"_links":{"self":[{"href":"https:\/\/www.livrariarema.com.br\/loja\/wp-json\/wp\/v2\/product\/339729"}],"collection":[{"href":"https:\/\/www.livrariarema.com.br\/loja\/wp-json\/wp\/v2\/product"}],"about":[{"href":"https:\/\/www.livrariarema.com.br\/loja\/wp-json\/wp\/v2\/types\/product"}],"replies":[{"embeddable":true,"href":"https:\/\/www.livrariarema.com.br\/loja\/wp-json\/wp\/v2\/comments?post=339729"}],"wp:featuredmedia":[{"embeddable":true,"href":"https:\/\/www.livrariarema.com.br\/loja\/wp-json\/wp\/v2\/media\/340003"}],"wp:attachment":[{"href":"https:\/\/www.livrariarema.com.br\/loja\/wp-json\/wp\/v2\/media?parent=339729"}],"wp:term":[{"taxonomy":"product_cat","embeddable":true,"href":"https:\/\/www.livrariarema.com.br\/loja\/wp-json\/wp\/v2\/product_cat?post=339729"},{"taxonomy":"product_tag","embeddable":true,"href":"https:\/\/www.livrariarema.com.br\/loja\/wp-json\/wp\/v2\/product_tag?post=339729"}],"curies":[{"name":"wp","href":"https:\/\/api.w.org\/{rel}","templated":true}]}}