{"id":339735,"date":"2025-10-23T15:42:01","date_gmt":"2025-10-23T18:42:01","guid":{"rendered":"https:\/\/www.livrariarema.com.br\/loja\/produtos\/sem categoria\/caderno-argolado-fina-ideia-p-borboletas-no-jardim\/"},"modified":"2026-01-14T12:35:45","modified_gmt":"2026-01-14T15:35:45","slug":"caderno-argolado-fina-ideia-p-borboletas-no-jardim","status":"publish","type":"product","link":"https:\/\/www.livrariarema.com.br\/loja\/produtos\/papelaria\/caderno\/caderno-argolado-fina-ideia-p-borboletas-no-jardim\/","title":{"rendered":"Caderno Argolado &#8211; Fina Ideia &#8211; P &#8211; Borboletas No Jardim"},"content":{"rendered":"<p>O Caderno Argolado P A5 Borboletas no Jardim une praticidade e inspira\u00e7\u00e3o, perfeito para anota\u00e7\u00f5es, listas e ideias que merecem ser guardadas com cuidado.<br \/>\nDetalhes<br \/>\n* Miolo pautado 80 folhas papel offset 90g\/m\u00b2<br \/>\n* Formato A5: 13,5\u00d720,5cm<br \/>\n* 4 divis\u00f3rias coloridas formato 14,5\u00d720,5cm<br \/>\n* Capa protetora transparente<br \/>\n* Acompanha cartela de adesivos, envelope resistente e marcador de p\u00e1gina<\/p>\n","protected":false},"excerpt":{"rendered":"<p>O Caderno Argolado P A5 Borboletas no Jardim une praticidade e inspira\u00e7\u00e3o, perfeito para anota\u00e7\u00f5es, listas e ideias que merecem&hellip;<\/p>\n","protected":false},"featured_media":340006,"comment_status":"open","ping_status":"closed","template":"","meta":[],"product_cat":[230,215],"product_tag":[],"_links":{"self":[{"href":"https:\/\/www.livrariarema.com.br\/loja\/wp-json\/wp\/v2\/product\/339735"}],"collection":[{"href":"https:\/\/www.livrariarema.com.br\/loja\/wp-json\/wp\/v2\/product"}],"about":[{"href":"https:\/\/www.livrariarema.com.br\/loja\/wp-json\/wp\/v2\/types\/product"}],"replies":[{"embeddable":true,"href":"https:\/\/www.livrariarema.com.br\/loja\/wp-json\/wp\/v2\/comments?post=339735"}],"wp:featuredmedia":[{"embeddable":true,"href":"https:\/\/www.livrariarema.com.br\/loja\/wp-json\/wp\/v2\/media\/340006"}],"wp:attachment":[{"href":"https:\/\/www.livrariarema.com.br\/loja\/wp-json\/wp\/v2\/media?parent=339735"}],"wp:term":[{"taxonomy":"product_cat","embeddable":true,"href":"https:\/\/www.livrariarema.com.br\/loja\/wp-json\/wp\/v2\/product_cat?post=339735"},{"taxonomy":"product_tag","embeddable":true,"href":"https:\/\/www.livrariarema.com.br\/loja\/wp-json\/wp\/v2\/product_tag?post=339735"}],"curies":[{"name":"wp","href":"https:\/\/api.w.org\/{rel}","templated":true}]}}