{"id":339819,"date":"2025-10-23T15:57:00","date_gmt":"2025-10-23T18:57:00","guid":{"rendered":"https:\/\/www.livrariarema.com.br\/loja\/produtos\/sem categoria\/caneca-de-ceramica-prime-350ml-pai-toda-felicidade\/"},"modified":"2026-04-28T09:35:30","modified_gmt":"2026-04-28T12:35:30","slug":"caneca-de-ceramica-prime-350ml-pai-toda-felicidade","status":"publish","type":"product","link":"https:\/\/www.livrariarema.com.br\/loja\/produtos\/diversos\/caneca\/caneca-de-ceramica-prime-350ml-pai-toda-felicidade\/","title":{"rendered":"Caneca De Cer\u00e2mica &#8211; Prime 350Ml &#8211; Pai Toda Felicidade"},"content":{"rendered":"<p>A caneca perfeita para desfrutar de um caf\u00e9 com amor e sabor, permitindo que voc\u00ea aproveite cada gole e desfrute de cada momento de pausa na companhia perfeita. Esta caneca \u00e9 a escolha certa para quem busca qualidade e estilo em uma \u00fanica pe\u00e7a.<\/p>\n<p>Desperte o seu lado criativo e presenteie algu\u00e9m que ter\u00e1 o prazer de desfrutar de uma bebida quente nesta caneca.<br \/>\nA CANECA CER. PRIME \u00e9 fabricada em cer\u00e2mica de alta qualidade, garantindo maior durabilidade durante o uso. Al\u00e9m de ser a escolha ideal para o seu caf\u00e9 da manh\u00e3, ela tamb\u00e9m pode ser utilizada como porta-treco, porta-l\u00e1pis ou como presente para algu\u00e9m especial.<\/p>\n","protected":false},"excerpt":{"rendered":"<p>A caneca perfeita para desfrutar de um caf\u00e9 com amor e sabor, permitindo que voc\u00ea aproveite cada gole e desfrute&hellip;<\/p>\n","protected":false},"featured_media":347369,"comment_status":"open","ping_status":"closed","template":"","meta":[],"product_cat":[235,132],"product_tag":[],"_links":{"self":[{"href":"https:\/\/www.livrariarema.com.br\/loja\/wp-json\/wp\/v2\/product\/339819"}],"collection":[{"href":"https:\/\/www.livrariarema.com.br\/loja\/wp-json\/wp\/v2\/product"}],"about":[{"href":"https:\/\/www.livrariarema.com.br\/loja\/wp-json\/wp\/v2\/types\/product"}],"replies":[{"embeddable":true,"href":"https:\/\/www.livrariarema.com.br\/loja\/wp-json\/wp\/v2\/comments?post=339819"}],"wp:featuredmedia":[{"embeddable":true,"href":"https:\/\/www.livrariarema.com.br\/loja\/wp-json\/wp\/v2\/media\/347369"}],"wp:attachment":[{"href":"https:\/\/www.livrariarema.com.br\/loja\/wp-json\/wp\/v2\/media?parent=339819"}],"wp:term":[{"taxonomy":"product_cat","embeddable":true,"href":"https:\/\/www.livrariarema.com.br\/loja\/wp-json\/wp\/v2\/product_cat?post=339819"},{"taxonomy":"product_tag","embeddable":true,"href":"https:\/\/www.livrariarema.com.br\/loja\/wp-json\/wp\/v2\/product_tag?post=339819"}],"curies":[{"name":"wp","href":"https:\/\/api.w.org\/{rel}","templated":true}]}}