{"id":339836,"date":"2025-10-23T15:58:51","date_gmt":"2025-10-23T18:58:51","guid":{"rendered":"https:\/\/www.livrariarema.com.br\/loja\/produtos\/sem categoria\/caneca-de-porcelana-urban-300ml-pessoas-que-fazem-a-diferenca\/"},"modified":"2026-04-28T09:36:03","modified_gmt":"2026-04-28T12:36:03","slug":"caneca-de-porcelana-urban-300ml-pessoas-que-fazem-a-diferenca","status":"publish","type":"product","link":"https:\/\/www.livrariarema.com.br\/loja\/produtos\/diversos\/caneca\/caneca-de-porcelana-urban-300ml-pessoas-que-fazem-a-diferenca\/","title":{"rendered":"Caneca De Porcelana &#8211; Urban 300Ml &#8211; Pessoas Que Fazem A Diferen\u00e7a"},"content":{"rendered":"<p>As Canecas Porcelana Urban, as queridinhas de muitos, est\u00e3o de volta com um novo design! Al\u00e9m da qualidade impec\u00e1vel, as novas estampas trazem modernidade e eleg\u00e2ncia, ideais para quem valoriza estilo no dia a dia. Seja para aquele caf\u00e9 da manh\u00e3 especial ou um ch\u00e1 relaxante \u00e0 tarde, essas canecas s\u00e3o a escolha perfeita para quem busca praticidade sem abrir m\u00e3o do bom gosto.<\/p>\n<p>Essa caneca \u00e9 mais que um simples utens\u00edlio, \u00e9 o toque de carinho que faz toda a diferen\u00e7a nos momentos de pausa. Com ela, cada gole ser\u00e1 apreciado com muito amor e sabor. \u00c9 o presente perfeito para aquela pessoa especial ou para voc\u00ea mesmo, trazendo estilo e conforto em uma s\u00f3 pe\u00e7a.<\/p>\n<p>A Caneca Urban \u00e9 feita de porcelana de alta qualidade, garantindo durabilidade e resist\u00eancia no uso di\u00e1rio. Vers\u00e1til, ela tamb\u00e9m pode ser usada como porta-treco ou porta-l\u00e1pis, al\u00e9m de ser uma excelente op\u00e7\u00e3o de presente.<\/p>\n<p>Cuidados:<br \/>\nLave com \u00e1gua, uma esponja macia e detergente neutro.<br \/>\nN\u00e3o utilize no micro-ondas nem na lava-lou\u00e7as.<br \/>\nEvite o uso de produtos qu\u00edmicos e abrasivos.<br \/>\nTenha cuidado para evitar choques ou quedas, pois a porcelana \u00e9 um material fr\u00e1gil e pode trincar ou quebrar facilmente.<\/p>\n","protected":false},"excerpt":{"rendered":"<p>As Canecas Porcelana Urban, as queridinhas de muitos, est\u00e3o de volta com um novo design! Al\u00e9m da qualidade impec\u00e1vel, as&hellip;<\/p>\n","protected":false},"featured_media":347372,"comment_status":"open","ping_status":"closed","template":"","meta":[],"product_cat":[235,132],"product_tag":[],"_links":{"self":[{"href":"https:\/\/www.livrariarema.com.br\/loja\/wp-json\/wp\/v2\/product\/339836"}],"collection":[{"href":"https:\/\/www.livrariarema.com.br\/loja\/wp-json\/wp\/v2\/product"}],"about":[{"href":"https:\/\/www.livrariarema.com.br\/loja\/wp-json\/wp\/v2\/types\/product"}],"replies":[{"embeddable":true,"href":"https:\/\/www.livrariarema.com.br\/loja\/wp-json\/wp\/v2\/comments?post=339836"}],"wp:featuredmedia":[{"embeddable":true,"href":"https:\/\/www.livrariarema.com.br\/loja\/wp-json\/wp\/v2\/media\/347372"}],"wp:attachment":[{"href":"https:\/\/www.livrariarema.com.br\/loja\/wp-json\/wp\/v2\/media?parent=339836"}],"wp:term":[{"taxonomy":"product_cat","embeddable":true,"href":"https:\/\/www.livrariarema.com.br\/loja\/wp-json\/wp\/v2\/product_cat?post=339836"},{"taxonomy":"product_tag","embeddable":true,"href":"https:\/\/www.livrariarema.com.br\/loja\/wp-json\/wp\/v2\/product_tag?post=339836"}],"curies":[{"name":"wp","href":"https:\/\/api.w.org\/{rel}","templated":true}]}}