{"id":339865,"date":"2025-10-23T16:14:15","date_gmt":"2025-10-23T19:14:15","guid":{"rendered":"https:\/\/www.livrariarema.com.br\/loja\/produtos\/sem categoria\/caderno-de-criacao-floral-kraft-folhas-pretas-sem-pautas\/"},"modified":"2026-02-25T16:21:16","modified_gmt":"2026-02-25T19:21:16","slug":"caderno-de-criacao-floral-kraft-folhas-pretas-sem-pautas","status":"publish","type":"product","link":"https:\/\/www.livrariarema.com.br\/loja\/produtos\/papelaria\/caderno\/caderno-de-criacao-floral-kraft-folhas-pretas-sem-pautas\/","title":{"rendered":"Caderno De Cria\u00e7\u00e3o &#8211; Floral Kraft &#8211; Folhas Pretas &#8211; Sem Pautas"},"content":{"rendered":"<p>O Caderno de Cria\u00e7\u00e3o Floral Kraft \u00e9 uma \u00f3tima escolha para quem busca liberdade na hora de criar. Ideal para lettering, colagens e t\u00e9cnicas visuais.<br \/>\nDetalhes:<br \/>\n* Capa dura<br \/>\n* Formato 23,5\u00d717,5cm<br \/>\n* Miolo com 30 folhas pretas<br \/>\n* Papel offset preto 180g\/m\u00b2<br \/>\n* Encaderna\u00e7\u00e3o wire-o<\/p>\n","protected":false},"excerpt":{"rendered":"<p>O Caderno de Cria\u00e7\u00e3o Floral Kraft \u00e9 uma \u00f3tima escolha para quem busca liberdade na hora de criar. Ideal para&hellip;<\/p>\n","protected":false},"featured_media":340019,"comment_status":"open","ping_status":"closed","template":"","meta":[],"product_cat":[230,215],"product_tag":[],"_links":{"self":[{"href":"https:\/\/www.livrariarema.com.br\/loja\/wp-json\/wp\/v2\/product\/339865"}],"collection":[{"href":"https:\/\/www.livrariarema.com.br\/loja\/wp-json\/wp\/v2\/product"}],"about":[{"href":"https:\/\/www.livrariarema.com.br\/loja\/wp-json\/wp\/v2\/types\/product"}],"replies":[{"embeddable":true,"href":"https:\/\/www.livrariarema.com.br\/loja\/wp-json\/wp\/v2\/comments?post=339865"}],"wp:featuredmedia":[{"embeddable":true,"href":"https:\/\/www.livrariarema.com.br\/loja\/wp-json\/wp\/v2\/media\/340019"}],"wp:attachment":[{"href":"https:\/\/www.livrariarema.com.br\/loja\/wp-json\/wp\/v2\/media?parent=339865"}],"wp:term":[{"taxonomy":"product_cat","embeddable":true,"href":"https:\/\/www.livrariarema.com.br\/loja\/wp-json\/wp\/v2\/product_cat?post=339865"},{"taxonomy":"product_tag","embeddable":true,"href":"https:\/\/www.livrariarema.com.br\/loja\/wp-json\/wp\/v2\/product_tag?post=339865"}],"curies":[{"name":"wp","href":"https:\/\/api.w.org\/{rel}","templated":true}]}}