{"id":339874,"date":"2025-10-23T16:14:48","date_gmt":"2025-10-23T19:14:48","guid":{"rendered":"https:\/\/www.livrariarema.com.br\/loja\/produtos\/sem categoria\/agenda-semanal-2026-m-selinhos\/"},"modified":"2026-02-27T13:00:41","modified_gmt":"2026-02-27T16:00:41","slug":"agenda-semanal-2026-m-selinhos","status":"publish","type":"product","link":"https:\/\/www.livrariarema.com.br\/loja\/produtos\/papelaria\/agenda\/agenda-semanal-2026-m-selinhos\/","title":{"rendered":"Agenda Semanal &#8211; 2026 &#8211; M &#8211; Selinhos"},"content":{"rendered":"<p>Cheia de estilo, a agenda Selinhos \u00e9 perfeita para quem ama planejar com personalidade. Visual marcante e miolo completo para acompanhar sua rotina.<Br><Br><br \/>\n&#8211; Miolo com vis\u00e3o semanal datada<Br><br \/>\n&#8211; 160 p\u00e1ginas (80 folhas)<Br><br \/>\n&#8211; Formato 16,5 \u00d7 19,5 cm<Br><br \/>\n&#8211; Papel offset 75 g\/m\u00b2<Br><br \/>\n&#8211; Encaderna\u00e7\u00e3o wire-o + el\u00e1stico<Br><br \/>\n&#8211; Envelope resistente e marca-p\u00e1ginas<Br><\/p>\n","protected":false},"excerpt":{"rendered":"<p>Cheia de estilo, a agenda Selinhos \u00e9 perfeita para quem ama planejar com personalidade. Visual marcante e miolo completo para&hellip;<\/p>\n","protected":false},"featured_media":343509,"comment_status":"open","ping_status":"closed","template":"","meta":[],"product_cat":[248,215],"product_tag":[],"_links":{"self":[{"href":"https:\/\/www.livrariarema.com.br\/loja\/wp-json\/wp\/v2\/product\/339874"}],"collection":[{"href":"https:\/\/www.livrariarema.com.br\/loja\/wp-json\/wp\/v2\/product"}],"about":[{"href":"https:\/\/www.livrariarema.com.br\/loja\/wp-json\/wp\/v2\/types\/product"}],"replies":[{"embeddable":true,"href":"https:\/\/www.livrariarema.com.br\/loja\/wp-json\/wp\/v2\/comments?post=339874"}],"wp:featuredmedia":[{"embeddable":true,"href":"https:\/\/www.livrariarema.com.br\/loja\/wp-json\/wp\/v2\/media\/343509"}],"wp:attachment":[{"href":"https:\/\/www.livrariarema.com.br\/loja\/wp-json\/wp\/v2\/media?parent=339874"}],"wp:term":[{"taxonomy":"product_cat","embeddable":true,"href":"https:\/\/www.livrariarema.com.br\/loja\/wp-json\/wp\/v2\/product_cat?post=339874"},{"taxonomy":"product_tag","embeddable":true,"href":"https:\/\/www.livrariarema.com.br\/loja\/wp-json\/wp\/v2\/product_tag?post=339874"}],"curies":[{"name":"wp","href":"https:\/\/api.w.org\/{rel}","templated":true}]}}