{"id":339904,"date":"2025-10-23T16:16:47","date_gmt":"2025-10-23T19:16:47","guid":{"rendered":"https:\/\/www.livrariarema.com.br\/loja\/produtos\/sem categoria\/agenda-diaria-2026-p-floral-kraft\/"},"modified":"2026-03-23T13:00:46","modified_gmt":"2026-03-23T16:00:46","slug":"agenda-diaria-2026-p-floral-kraft","status":"publish","type":"product","link":"https:\/\/www.livrariarema.com.br\/loja\/produtos\/promocao\/papelaria-promocao\/agenda-diaria-2026-p-floral-kraft\/","title":{"rendered":"Agenda Di\u00e1ria &#8211; 2026 &#8211; P &#8211; Floral Kraft"},"content":{"rendered":"<p>Organiza\u00e7\u00e3o com charme natural! A agenda Floral Kraft une o visual do papel kraft com flores marcantes, agora em vers\u00e3o compacta para acompanhar a rotina com simplicidade e estilo.<\/p>\n<p>&#8211; Miolo com vis\u00e3o di\u00e1ria datada<br \/>\n&#8211; 168 folhas (336 p\u00e1ginas)<br \/>\n&#8211; Formato 9,5 \u00d7 13,5 cm<br \/>\n&#8211; Encaderna\u00e7\u00e3o wire-o<br \/>\n&#8211; Adesivos e marca-p\u00e1ginas<br \/>\n&#8211; Capa pl\u00e1stica protetora + envelope pl\u00e1stico<\/p>\n","protected":false},"excerpt":{"rendered":"<p>Organiza\u00e7\u00e3o com charme natural! A agenda Floral Kraft une o visual do papel kraft com flores marcantes, agora em vers\u00e3o&hellip;<\/p>\n","protected":false},"featured_media":346432,"comment_status":"open","ping_status":"closed","template":"","meta":[],"product_cat":[307,142],"product_tag":[],"_links":{"self":[{"href":"https:\/\/www.livrariarema.com.br\/loja\/wp-json\/wp\/v2\/product\/339904"}],"collection":[{"href":"https:\/\/www.livrariarema.com.br\/loja\/wp-json\/wp\/v2\/product"}],"about":[{"href":"https:\/\/www.livrariarema.com.br\/loja\/wp-json\/wp\/v2\/types\/product"}],"replies":[{"embeddable":true,"href":"https:\/\/www.livrariarema.com.br\/loja\/wp-json\/wp\/v2\/comments?post=339904"}],"wp:featuredmedia":[{"embeddable":true,"href":"https:\/\/www.livrariarema.com.br\/loja\/wp-json\/wp\/v2\/media\/346432"}],"wp:attachment":[{"href":"https:\/\/www.livrariarema.com.br\/loja\/wp-json\/wp\/v2\/media?parent=339904"}],"wp:term":[{"taxonomy":"product_cat","embeddable":true,"href":"https:\/\/www.livrariarema.com.br\/loja\/wp-json\/wp\/v2\/product_cat?post=339904"},{"taxonomy":"product_tag","embeddable":true,"href":"https:\/\/www.livrariarema.com.br\/loja\/wp-json\/wp\/v2\/product_tag?post=339904"}],"curies":[{"name":"wp","href":"https:\/\/api.w.org\/{rel}","templated":true}]}}