{"id":339914,"date":"2025-10-23T16:17:36","date_gmt":"2025-10-23T19:17:36","guid":{"rendered":"https:\/\/www.livrariarema.com.br\/loja\/produtos\/sem categoria\/planner-permanente-fina-ideia-p-cachorro-na-janela\/"},"modified":"2025-12-13T14:30:52","modified_gmt":"2025-12-13T17:30:52","slug":"planner-permanente-fina-ideia-p-cachorro-na-janela","status":"publish","type":"product","link":"https:\/\/www.livrariarema.com.br\/loja\/produtos\/papelaria\/agenda\/planner-permanente-fina-ideia-p-cachorro-na-janela\/","title":{"rendered":"Planner Permanente &#8211; Fina Ideia &#8211; P &#8211; Cachorro Na Janela"},"content":{"rendered":"<p>Planner Permanente P Cachorro na Janela: mais organiza\u00e7\u00e3o com alegria e afeto. Estampa divertida e pr\u00e1tica para o dia a dia. Miolo n\u00e3o datado: comece quando quiser!<\/p>\n<p>&#8211; Folhas internas em papel offset 90 g\/m\u00b2<br \/>\n&#8211; 210 p\u00e1ginas &#8211; 105 folhas<br \/>\n&#8211; Formato: 11,8\u00d717,5 cm<br \/>\n&#8211; Encaderna\u00e7\u00e3o wire-o com el\u00e1stico<br \/>\n Calend\u00e1rios 2026 e 2027<\/p>\n","protected":false},"excerpt":{"rendered":"<p>Planner Permanente P Cachorro na Janela: mais organiza\u00e7\u00e3o com alegria e afeto. Estampa divertida e pr\u00e1tica para o dia a&hellip;<\/p>\n","protected":false},"featured_media":340052,"comment_status":"open","ping_status":"closed","template":"","meta":[],"product_cat":[248,215],"product_tag":[],"_links":{"self":[{"href":"https:\/\/www.livrariarema.com.br\/loja\/wp-json\/wp\/v2\/product\/339914"}],"collection":[{"href":"https:\/\/www.livrariarema.com.br\/loja\/wp-json\/wp\/v2\/product"}],"about":[{"href":"https:\/\/www.livrariarema.com.br\/loja\/wp-json\/wp\/v2\/types\/product"}],"replies":[{"embeddable":true,"href":"https:\/\/www.livrariarema.com.br\/loja\/wp-json\/wp\/v2\/comments?post=339914"}],"wp:featuredmedia":[{"embeddable":true,"href":"https:\/\/www.livrariarema.com.br\/loja\/wp-json\/wp\/v2\/media\/340052"}],"wp:attachment":[{"href":"https:\/\/www.livrariarema.com.br\/loja\/wp-json\/wp\/v2\/media?parent=339914"}],"wp:term":[{"taxonomy":"product_cat","embeddable":true,"href":"https:\/\/www.livrariarema.com.br\/loja\/wp-json\/wp\/v2\/product_cat?post=339914"},{"taxonomy":"product_tag","embeddable":true,"href":"https:\/\/www.livrariarema.com.br\/loja\/wp-json\/wp\/v2\/product_tag?post=339914"}],"curies":[{"name":"wp","href":"https:\/\/api.w.org\/{rel}","templated":true}]}}