{"id":339916,"date":"2025-10-23T16:17:43","date_gmt":"2025-10-23T19:17:43","guid":{"rendered":"https:\/\/www.livrariarema.com.br\/loja\/produtos\/sem categoria\/caderno-colegial-80-folhas-fina-ideia-borboletas-no-jardim\/"},"modified":"2026-01-17T12:20:37","modified_gmt":"2026-01-17T15:20:37","slug":"caderno-colegial-80-folhas-fina-ideia-borboletas-no-jardim","status":"publish","type":"product","link":"https:\/\/www.livrariarema.com.br\/loja\/produtos\/papelaria\/caderno\/caderno-colegial-80-folhas-fina-ideia-borboletas-no-jardim\/","title":{"rendered":"Caderno Colegial 80 Folhas &#8211; Fina Ideia &#8211; Borboletas No Jardim"},"content":{"rendered":"<p>O Caderno folhas remov\u00edveis Borboletas no Jardim traz leveza e inspira\u00e7\u00e3o para sua rotina! Pr\u00e1tico, bonito e funcional, com folhas remov\u00edveis e detalhes encantadores.<br \/>\nDetalhes:<br \/>\n* Capa dura<br \/>\n* Formato 16,5\u00d723,2cm<br \/>\n* 80 folhas pautadas remov\u00edveis<br \/>\n* Papel offset 90g\/m\u00b2<br \/>\n* 4 divis\u00f3rias coloridas<br \/>\n* Encaderna\u00e7\u00e3o wire-o e el\u00e1stico<\/p>\n","protected":false},"excerpt":{"rendered":"<p>O Caderno folhas remov\u00edveis Borboletas no Jardim traz leveza e inspira\u00e7\u00e3o para sua rotina! Pr\u00e1tico, bonito e funcional, com folhas&hellip;<\/p>\n","protected":false},"featured_media":340053,"comment_status":"open","ping_status":"closed","template":"","meta":[],"product_cat":[230,215],"product_tag":[],"_links":{"self":[{"href":"https:\/\/www.livrariarema.com.br\/loja\/wp-json\/wp\/v2\/product\/339916"}],"collection":[{"href":"https:\/\/www.livrariarema.com.br\/loja\/wp-json\/wp\/v2\/product"}],"about":[{"href":"https:\/\/www.livrariarema.com.br\/loja\/wp-json\/wp\/v2\/types\/product"}],"replies":[{"embeddable":true,"href":"https:\/\/www.livrariarema.com.br\/loja\/wp-json\/wp\/v2\/comments?post=339916"}],"wp:featuredmedia":[{"embeddable":true,"href":"https:\/\/www.livrariarema.com.br\/loja\/wp-json\/wp\/v2\/media\/340053"}],"wp:attachment":[{"href":"https:\/\/www.livrariarema.com.br\/loja\/wp-json\/wp\/v2\/media?parent=339916"}],"wp:term":[{"taxonomy":"product_cat","embeddable":true,"href":"https:\/\/www.livrariarema.com.br\/loja\/wp-json\/wp\/v2\/product_cat?post=339916"},{"taxonomy":"product_tag","embeddable":true,"href":"https:\/\/www.livrariarema.com.br\/loja\/wp-json\/wp\/v2\/product_tag?post=339916"}],"curies":[{"name":"wp","href":"https:\/\/api.w.org\/{rel}","templated":true}]}}