{"id":339918,"date":"2025-10-23T16:17:49","date_gmt":"2025-10-23T19:17:49","guid":{"rendered":"https:\/\/www.livrariarema.com.br\/loja\/produtos\/sem categoria\/caderno-colegial-80-folhas-fina-ideia-floral-kraft\/"},"modified":"2025-11-27T17:32:09","modified_gmt":"2025-11-27T20:32:09","slug":"caderno-colegial-80-folhas-fina-ideia-floral-kraft","status":"publish","type":"product","link":"https:\/\/www.livrariarema.com.br\/loja\/produtos\/papelaria\/caderno\/caderno-colegial-80-folhas-fina-ideia-floral-kraft\/","title":{"rendered":"Caderno Colegial 80 Folhas &#8211; Fina Ideia &#8211; Floral Kraft"},"content":{"rendered":"<p>Funcional e criativo, o Caderno Floral Kraft \u00e9 ideal para quem busca praticidade no dia a dia. Com folhas remov\u00edveis e espa\u00e7o para soltar a imagina\u00e7\u00e3o!<br \/>\nDetalhes:<br \/>\n* Capa dura<br \/>\n* Formato 16,5\u00d723,2cm<br \/>\n* 80 folhas pautadas remov\u00edveis<br \/>\n* Papel offset 90g\/m\u00b2<br \/>\n* 4 divis\u00f3rias coloridas em papel kraft<br \/>\n* Encaderna\u00e7\u00e3o wire-o e el\u00e1stico<\/p>\n","protected":false},"excerpt":{"rendered":"<p>Funcional e criativo, o Caderno Floral Kraft \u00e9 ideal para quem busca praticidade no dia a dia. Com folhas remov\u00edveis&hellip;<\/p>\n","protected":false},"featured_media":340054,"comment_status":"open","ping_status":"closed","template":"","meta":[],"product_cat":[230,215],"product_tag":[],"_links":{"self":[{"href":"https:\/\/www.livrariarema.com.br\/loja\/wp-json\/wp\/v2\/product\/339918"}],"collection":[{"href":"https:\/\/www.livrariarema.com.br\/loja\/wp-json\/wp\/v2\/product"}],"about":[{"href":"https:\/\/www.livrariarema.com.br\/loja\/wp-json\/wp\/v2\/types\/product"}],"replies":[{"embeddable":true,"href":"https:\/\/www.livrariarema.com.br\/loja\/wp-json\/wp\/v2\/comments?post=339918"}],"wp:featuredmedia":[{"embeddable":true,"href":"https:\/\/www.livrariarema.com.br\/loja\/wp-json\/wp\/v2\/media\/340054"}],"wp:attachment":[{"href":"https:\/\/www.livrariarema.com.br\/loja\/wp-json\/wp\/v2\/media?parent=339918"}],"wp:term":[{"taxonomy":"product_cat","embeddable":true,"href":"https:\/\/www.livrariarema.com.br\/loja\/wp-json\/wp\/v2\/product_cat?post=339918"},{"taxonomy":"product_tag","embeddable":true,"href":"https:\/\/www.livrariarema.com.br\/loja\/wp-json\/wp\/v2\/product_tag?post=339918"}],"curies":[{"name":"wp","href":"https:\/\/api.w.org\/{rel}","templated":true}]}}