{"id":339920,"date":"2025-10-23T16:17:57","date_gmt":"2025-10-23T19:17:57","guid":{"rendered":"https:\/\/www.livrariarema.com.br\/loja\/produtos\/sem categoria\/caderno-colegial-80-folhas-fina-ideia-cachorro-na-janela\/"},"modified":"2025-10-24T15:04:03","modified_gmt":"2025-10-24T18:04:03","slug":"caderno-colegial-80-folhas-fina-ideia-cachorro-na-janela","status":"publish","type":"product","link":"https:\/\/www.livrariarema.com.br\/loja\/produtos\/papelaria\/caderno\/caderno-colegial-80-folhas-fina-ideia-cachorro-na-janela\/","title":{"rendered":"Caderno Colegial 80 Folhas &#8211; Fina Ideia &#8211; Cachorro Na Janela"},"content":{"rendered":"<p>Para quem ama cachorros e quer um caderno cheio de personalidade! Com folhas remov\u00edveis, \u00e9 pr\u00e1tico, fofo e perfeito para o dia a dia.<br \/>\nDetalhes:<br \/>\n* Capa dura<br \/>\n* Formato 16,5\u00d723,2cm<br \/>\n* 80 folhas pautadas remov\u00edveis<br \/>\n* Papel offset 90g\/m\u00b2<br \/>\n* 4 divis\u00f3rias coloridas<br \/>\n* Encaderna\u00e7\u00e3o wire-o e el\u00e1stico<\/p>\n","protected":false},"excerpt":{"rendered":"<p>Para quem ama cachorros e quer um caderno cheio de personalidade! Com folhas remov\u00edveis, \u00e9 pr\u00e1tico, fofo e perfeito para&hellip;<\/p>\n","protected":false},"featured_media":340055,"comment_status":"open","ping_status":"closed","template":"","meta":[],"product_cat":[230,215],"product_tag":[],"_links":{"self":[{"href":"https:\/\/www.livrariarema.com.br\/loja\/wp-json\/wp\/v2\/product\/339920"}],"collection":[{"href":"https:\/\/www.livrariarema.com.br\/loja\/wp-json\/wp\/v2\/product"}],"about":[{"href":"https:\/\/www.livrariarema.com.br\/loja\/wp-json\/wp\/v2\/types\/product"}],"replies":[{"embeddable":true,"href":"https:\/\/www.livrariarema.com.br\/loja\/wp-json\/wp\/v2\/comments?post=339920"}],"wp:featuredmedia":[{"embeddable":true,"href":"https:\/\/www.livrariarema.com.br\/loja\/wp-json\/wp\/v2\/media\/340055"}],"wp:attachment":[{"href":"https:\/\/www.livrariarema.com.br\/loja\/wp-json\/wp\/v2\/media?parent=339920"}],"wp:term":[{"taxonomy":"product_cat","embeddable":true,"href":"https:\/\/www.livrariarema.com.br\/loja\/wp-json\/wp\/v2\/product_cat?post=339920"},{"taxonomy":"product_tag","embeddable":true,"href":"https:\/\/www.livrariarema.com.br\/loja\/wp-json\/wp\/v2\/product_tag?post=339920"}],"curies":[{"name":"wp","href":"https:\/\/api.w.org\/{rel}","templated":true}]}}