{"id":339931,"date":"2025-10-23T16:18:44","date_gmt":"2025-10-23T19:18:44","guid":{"rendered":"https:\/\/www.livrariarema.com.br\/loja\/produtos\/sem categoria\/bolsa-flat-mini-cachorro-na-janela\/"},"modified":"2026-03-11T09:30:54","modified_gmt":"2026-03-11T12:30:54","slug":"bolsa-flat-mini-cachorro-na-janela","status":"publish","type":"product","link":"https:\/\/www.livrariarema.com.br\/loja\/produtos\/papelaria\/estojo\/bolsa-flat-mini-cachorro-na-janela\/","title":{"rendered":"Bolsa Flat Mini &#8211; Cachorro Na Janela"},"content":{"rendered":"<p>Compacta e funcional, a Bolsa Flat Mini Cachorro na Janela \u00e9 ideal para carregar o essencial com praticidade. Cabe na bolsa, na mochila ou vai sozinha com charme.<Br><br \/>\nDetalhes:<Br><br \/>\n* Medidas: 19x14x1cm<Br><br \/>\n* Interior forrado e fechamento em z\u00edper<Br><br \/>\n* Al\u00e7a e puxador em couro ecol\u00f3gico<Br><br \/>\n* Composi\u00e7\u00e3o: 50% PVC e 50% poli\u00e9ster<Br><\/p>\n","protected":false},"excerpt":{"rendered":"<p>Compacta e funcional, a Bolsa Flat Mini Cachorro na Janela \u00e9 ideal para carregar o essencial com praticidade. Cabe na&hellip;<\/p>\n","protected":false},"featured_media":340065,"comment_status":"open","ping_status":"closed","template":"","meta":[],"product_cat":[253,215],"product_tag":[],"_links":{"self":[{"href":"https:\/\/www.livrariarema.com.br\/loja\/wp-json\/wp\/v2\/product\/339931"}],"collection":[{"href":"https:\/\/www.livrariarema.com.br\/loja\/wp-json\/wp\/v2\/product"}],"about":[{"href":"https:\/\/www.livrariarema.com.br\/loja\/wp-json\/wp\/v2\/types\/product"}],"replies":[{"embeddable":true,"href":"https:\/\/www.livrariarema.com.br\/loja\/wp-json\/wp\/v2\/comments?post=339931"}],"wp:featuredmedia":[{"embeddable":true,"href":"https:\/\/www.livrariarema.com.br\/loja\/wp-json\/wp\/v2\/media\/340065"}],"wp:attachment":[{"href":"https:\/\/www.livrariarema.com.br\/loja\/wp-json\/wp\/v2\/media?parent=339931"}],"wp:term":[{"taxonomy":"product_cat","embeddable":true,"href":"https:\/\/www.livrariarema.com.br\/loja\/wp-json\/wp\/v2\/product_cat?post=339931"},{"taxonomy":"product_tag","embeddable":true,"href":"https:\/\/www.livrariarema.com.br\/loja\/wp-json\/wp\/v2\/product_tag?post=339931"}],"curies":[{"name":"wp","href":"https:\/\/api.w.org\/{rel}","templated":true}]}}