{"id":340011,"date":"2025-10-24T14:55:32","date_gmt":"2025-10-24T17:55:32","guid":{"rendered":"https:\/\/www.livrariarema.com.br\/loja\/produtos\/sem categoria\/refil-pautado-caderno-argolado-p-50-folhas\/"},"modified":"2026-01-29T14:50:38","modified_gmt":"2026-01-29T17:50:38","slug":"refil-pautado-caderno-argolado-p-50-folhas","status":"publish","type":"product","link":"https:\/\/www.livrariarema.com.br\/loja\/produtos\/papelaria\/caderno\/refil-pautado-caderno-argolado-p-50-folhas\/","title":{"rendered":"Refil Pautado Caderno Argolado P &#8211; 50 Folhas"},"content":{"rendered":"<p>Acrescente mais folhas ao seu Caderno Argolado P com este refil pautado, perfeito para anota\u00e7\u00f5es organizadas e pr\u00e1ticas.<br \/>\nDetalhes:<br \/>\n40 folhas pautadas<br \/>\nPapel offset 90g\/m\u00b2<br \/>\nFormato 13,5\u00d720,5cm<br \/>\nFura\u00e7\u00e3o com 2 furos (compat\u00edvel com Caderno Argolado P Fina Ideia)<\/p>\n","protected":false},"excerpt":{"rendered":"<p>Acrescente mais folhas ao seu Caderno Argolado P com este refil pautado, perfeito para anota\u00e7\u00f5es organizadas e pr\u00e1ticas. Detalhes: 40&hellip;<\/p>\n","protected":false},"featured_media":340010,"comment_status":"open","ping_status":"closed","template":"","meta":[],"product_cat":[230,215],"product_tag":[],"_links":{"self":[{"href":"https:\/\/www.livrariarema.com.br\/loja\/wp-json\/wp\/v2\/product\/340011"}],"collection":[{"href":"https:\/\/www.livrariarema.com.br\/loja\/wp-json\/wp\/v2\/product"}],"about":[{"href":"https:\/\/www.livrariarema.com.br\/loja\/wp-json\/wp\/v2\/types\/product"}],"replies":[{"embeddable":true,"href":"https:\/\/www.livrariarema.com.br\/loja\/wp-json\/wp\/v2\/comments?post=340011"}],"wp:featuredmedia":[{"embeddable":true,"href":"https:\/\/www.livrariarema.com.br\/loja\/wp-json\/wp\/v2\/media\/340010"}],"wp:attachment":[{"href":"https:\/\/www.livrariarema.com.br\/loja\/wp-json\/wp\/v2\/media?parent=340011"}],"wp:term":[{"taxonomy":"product_cat","embeddable":true,"href":"https:\/\/www.livrariarema.com.br\/loja\/wp-json\/wp\/v2\/product_cat?post=340011"},{"taxonomy":"product_tag","embeddable":true,"href":"https:\/\/www.livrariarema.com.br\/loja\/wp-json\/wp\/v2\/product_tag?post=340011"}],"curies":[{"name":"wp","href":"https:\/\/api.w.org\/{rel}","templated":true}]}}