{"id":340043,"date":"2025-10-24T15:02:29","date_gmt":"2025-10-24T18:02:29","guid":{"rendered":"https:\/\/www.livrariarema.com.br\/loja\/produtos\/sem categoria\/planner-permanente-fina-ideia-m-borboletas-no-jardim\/"},"modified":"2026-04-11T13:10:43","modified_gmt":"2026-04-11T16:10:43","slug":"planner-permanente-fina-ideia-m-borboletas-no-jardim","status":"publish","type":"product","link":"https:\/\/www.livrariarema.com.br\/loja\/produtos\/papelaria\/agenda\/planner-permanente-fina-ideia-m-borboletas-no-jardim\/","title":{"rendered":"Planner Permanente &#8211; Fina Ideia &#8211; M &#8211; Borboletas No Jardim"},"content":{"rendered":"<p>Organize sua rotina com o Planner Permanente M Borboletas no Jardim! Estampa delicada e encantadora para planejar metas e sonhos. Miolo n\u00e3o datado: comece quando quiser!<br \/>\n&#8211; Miolo com vis\u00e3o semanal em colunas<br \/>\n&#8211; 210 p\u00e1ginas (105 folhas) em papel offset 90 g\/m\u00b2<br \/>\n&#8211; Formato: 13,4 \u00d7 20,5 cm<br \/>\n&#8211; Encaderna\u00e7\u00e3o wire-o com el\u00e1stico<br \/>\n&#8211; Envelope, marca-p\u00e1ginas, adesivos e capa protetora<br \/>\n&#8211; 12 divis\u00f3rias mensais<\/p>\n","protected":false},"excerpt":{"rendered":"<p>Organize sua rotina com o Planner Permanente M Borboletas no Jardim! Estampa delicada e encantadora para planejar metas e sonhos.&hellip;<\/p>\n","protected":false},"featured_media":340042,"comment_status":"open","ping_status":"closed","template":"","meta":[],"product_cat":[248,215],"product_tag":[],"_links":{"self":[{"href":"https:\/\/www.livrariarema.com.br\/loja\/wp-json\/wp\/v2\/product\/340043"}],"collection":[{"href":"https:\/\/www.livrariarema.com.br\/loja\/wp-json\/wp\/v2\/product"}],"about":[{"href":"https:\/\/www.livrariarema.com.br\/loja\/wp-json\/wp\/v2\/types\/product"}],"replies":[{"embeddable":true,"href":"https:\/\/www.livrariarema.com.br\/loja\/wp-json\/wp\/v2\/comments?post=340043"}],"wp:featuredmedia":[{"embeddable":true,"href":"https:\/\/www.livrariarema.com.br\/loja\/wp-json\/wp\/v2\/media\/340042"}],"wp:attachment":[{"href":"https:\/\/www.livrariarema.com.br\/loja\/wp-json\/wp\/v2\/media?parent=340043"}],"wp:term":[{"taxonomy":"product_cat","embeddable":true,"href":"https:\/\/www.livrariarema.com.br\/loja\/wp-json\/wp\/v2\/product_cat?post=340043"},{"taxonomy":"product_tag","embeddable":true,"href":"https:\/\/www.livrariarema.com.br\/loja\/wp-json\/wp\/v2\/product_tag?post=340043"}],"curies":[{"name":"wp","href":"https:\/\/api.w.org\/{rel}","templated":true}]}}