{"id":340045,"date":"2025-10-24T15:02:36","date_gmt":"2025-10-24T18:02:36","guid":{"rendered":"https:\/\/www.livrariarema.com.br\/loja\/produtos\/sem categoria\/planner-permanente-fina-ideia-m-floral-kraft\/"},"modified":"2026-03-02T14:40:25","modified_gmt":"2026-03-02T17:40:25","slug":"planner-permanente-fina-ideia-m-floral-kraft","status":"publish","type":"product","link":"https:\/\/www.livrariarema.com.br\/loja\/produtos\/papelaria\/agenda\/planner-permanente-fina-ideia-m-floral-kraft\/","title":{"rendered":"Planner Permanente &#8211; Fina Ideia &#8211; M &#8211; Floral Kraft"},"content":{"rendered":"<p>Planeje com mais leveza usando o Planner Permanente M Floral Kraft! Estampa autoral com fundo kraft e flores marcantes. Ideal para tra\u00e7ar metas e organizar sua rotina com inspira\u00e7\u00e3o.<br \/>\n&#8211; Miolo com vis\u00e3o semanal em colunas<br \/>\n&#8211; 210 p\u00e1ginas (105 folhas) em papel offset 90 g\/m\u00b2<br \/>\n&#8211; Formato: 13,4 \u00d7 20,5 cm<br \/>\n&#8211; Encaderna\u00e7\u00e3o wire-o com el\u00e1stico<br \/>\n&#8211; Envelope, marca-p\u00e1ginas, adesivos e capa protetora<br \/>\n&#8211; 12 divis\u00f3rias mensais<\/p>\n","protected":false},"excerpt":{"rendered":"<p>Planeje com mais leveza usando o Planner Permanente M Floral Kraft! Estampa autoral com fundo kraft e flores marcantes. Ideal&hellip;<\/p>\n","protected":false},"featured_media":340044,"comment_status":"open","ping_status":"closed","template":"","meta":[],"product_cat":[248,215],"product_tag":[],"_links":{"self":[{"href":"https:\/\/www.livrariarema.com.br\/loja\/wp-json\/wp\/v2\/product\/340045"}],"collection":[{"href":"https:\/\/www.livrariarema.com.br\/loja\/wp-json\/wp\/v2\/product"}],"about":[{"href":"https:\/\/www.livrariarema.com.br\/loja\/wp-json\/wp\/v2\/types\/product"}],"replies":[{"embeddable":true,"href":"https:\/\/www.livrariarema.com.br\/loja\/wp-json\/wp\/v2\/comments?post=340045"}],"wp:featuredmedia":[{"embeddable":true,"href":"https:\/\/www.livrariarema.com.br\/loja\/wp-json\/wp\/v2\/media\/340044"}],"wp:attachment":[{"href":"https:\/\/www.livrariarema.com.br\/loja\/wp-json\/wp\/v2\/media?parent=340045"}],"wp:term":[{"taxonomy":"product_cat","embeddable":true,"href":"https:\/\/www.livrariarema.com.br\/loja\/wp-json\/wp\/v2\/product_cat?post=340045"},{"taxonomy":"product_tag","embeddable":true,"href":"https:\/\/www.livrariarema.com.br\/loja\/wp-json\/wp\/v2\/product_tag?post=340045"}],"curies":[{"name":"wp","href":"https:\/\/api.w.org\/{rel}","templated":true}]}}