{"id":340083,"date":"2025-10-28T11:12:39","date_gmt":"2025-10-28T14:12:39","guid":{"rendered":"https:\/\/www.livrariarema.com.br\/loja\/produtos\/sem categoria\/biblia-leitura-perfeita-acf-com-espaco-para-anotacoes-couro-soft-marrom\/"},"modified":"2026-03-31T13:50:47","modified_gmt":"2026-03-31T16:50:47","slug":"biblia-leitura-perfeita-acf-com-espaco-para-anotacoes-couro-soft-marrom","status":"publish","type":"product","link":"https:\/\/www.livrariarema.com.br\/loja\/produtos\/biblias\/revista-corrigida-fiel\/biblia-leitura-perfeita-acf-com-espaco-para-anotacoes-couro-soft-marrom\/","title":{"rendered":"B\u00edblia Leitura Perfeita &#8211; Acf &#8211; Com Espa\u00e7o Para Anota\u00e7\u00f5es &#8211; Couro Soft &#8211; Marrom"},"content":{"rendered":"<p>Essa B\u00edblia faz parte da cole\u00e7\u00e3o de B\u00edblias com espa\u00e7o para anota\u00e7\u00f5es da Thomas Nelson Brasil, e \u00e9 destinada a todos os apaixonados por lettering, colagens, anota\u00e7\u00f5es, aquarelas e outras formas de arte. O acabamento \u00e9 de tecido sobre capa dura, que agrega um toque macio no manuseio. Ela possui papel creme (amarelado) de alta gramatura e opacidade, o que significa que voc\u00ea pode desenhar, escrever e pintar a vontade!<\/p>\n<p>No interior, possui letra no tamanho tradicional e linguagem Almeida Corrigida Fiel (ACF), conhecida por ser uma tradu\u00e7\u00e3o cl\u00e1ssica que preserva toda a tradi\u00e7\u00e3o de Jo\u00e3o Ferreira de Almeida. Nela, voc\u00ea encontrar\u00e1 ainda a fonte Leitura Perfeita. Desenvolvida exclusivamente para a Thomas Nelson Brasil, a Leitura Perfeita \u00e9 uma fonte singular, moderna, bonita, clara e leg\u00edvel, ao mesmo tempo em que integra os melhores avan\u00e7os em tipografia de b\u00edblias modernas. O resultado \u00e9 uma tipologia que traz total conforto na leitura em qualquer tamanho.<\/p>\n","protected":false},"excerpt":{"rendered":"<p>Essa B\u00edblia faz parte da cole\u00e7\u00e3o de B\u00edblias com espa\u00e7o para anota\u00e7\u00f5es da Thomas Nelson Brasil, e \u00e9 destinada a&hellip;<\/p>\n","protected":false},"featured_media":340082,"comment_status":"open","ping_status":"closed","template":"","meta":[],"product_cat":[139,212],"product_tag":[],"_links":{"self":[{"href":"https:\/\/www.livrariarema.com.br\/loja\/wp-json\/wp\/v2\/product\/340083"}],"collection":[{"href":"https:\/\/www.livrariarema.com.br\/loja\/wp-json\/wp\/v2\/product"}],"about":[{"href":"https:\/\/www.livrariarema.com.br\/loja\/wp-json\/wp\/v2\/types\/product"}],"replies":[{"embeddable":true,"href":"https:\/\/www.livrariarema.com.br\/loja\/wp-json\/wp\/v2\/comments?post=340083"}],"wp:featuredmedia":[{"embeddable":true,"href":"https:\/\/www.livrariarema.com.br\/loja\/wp-json\/wp\/v2\/media\/340082"}],"wp:attachment":[{"href":"https:\/\/www.livrariarema.com.br\/loja\/wp-json\/wp\/v2\/media?parent=340083"}],"wp:term":[{"taxonomy":"product_cat","embeddable":true,"href":"https:\/\/www.livrariarema.com.br\/loja\/wp-json\/wp\/v2\/product_cat?post=340083"},{"taxonomy":"product_tag","embeddable":true,"href":"https:\/\/www.livrariarema.com.br\/loja\/wp-json\/wp\/v2\/product_tag?post=340083"}],"curies":[{"name":"wp","href":"https:\/\/api.w.org\/{rel}","templated":true}]}}