{"id":340088,"date":"2025-10-28T11:13:10","date_gmt":"2025-10-28T14:13:10","guid":{"rendered":"https:\/\/www.livrariarema.com.br\/loja\/produtos\/sem categoria\/biblia-leitura-perfeita-letra-grande-nvi-couro-soft-flores\/"},"modified":"2026-04-20T15:00:43","modified_gmt":"2026-04-20T18:00:43","slug":"biblia-leitura-perfeita-letra-grande-nvi-couro-soft-flores","status":"publish","type":"product","link":"https:\/\/www.livrariarema.com.br\/loja\/produtos\/biblias\/nvi\/biblia-leitura-perfeita-letra-grande-nvi-couro-soft-flores\/","title":{"rendered":"B\u00edblia Leitura Perfeita &#8211; Letra Grande &#8211; Nvi &#8211; Couro Soft &#8211; Flores"},"content":{"rendered":"<p>Para desenvolver um relacionamento \u00edntimo com Deus, nada melhor do que se aprofundar no estudo de sua Palavra. <br \/>\nNo entanto, essa tarefa fica dif\u00edcil quando temos em m\u00e3os uma B\u00edblia com texto de leitura cansativa. <br \/>\nPara solucionar esse problema, apresentamos as B\u00edblias Leitura Perfeita, pensadas especialmente para voc\u00ea que deseja ler as Escrituras com conforto sem pagar mais caro por isso. <br \/>\nA fonte usada nesta B\u00edblia foi desenvolvida especialmente para a Thomas Nelson Brasil. O design \u00e9 inspirado na proposta da Nova Vers\u00e3o Internacional (NVI) de ser uma tradu\u00e7\u00e3o moderna e que traz ao leitor a vers\u00e3o mais fiel poss\u00edvel do texto b\u00edblico. <br \/>\nO objetivo dos criadores da Fonte Leitura Perfeita foi refletir essa rica tradi\u00e7\u00e3o de ter um texto fiel, claro e de f\u00e1cil leitura, ao mesmo tempo em que integra os melhores avan\u00e7os em tipografia de b\u00edblias modernas. <br \/>\nO resultado \u00e9 uma fonte singular, moderna, bonita, clara e leg\u00edvel em qualquer tamanho, perfeitamente em sintonia com a Nova Vers\u00e3o Internacional.<\/p>\n","protected":false},"excerpt":{"rendered":"<p>Para desenvolver um relacionamento \u00edntimo com Deus, nada melhor do que se aprofundar no estudo de sua Palavra. No entanto,&hellip;<\/p>\n","protected":false},"featured_media":345754,"comment_status":"open","ping_status":"closed","template":"","meta":[],"product_cat":[139,166],"product_tag":[],"_links":{"self":[{"href":"https:\/\/www.livrariarema.com.br\/loja\/wp-json\/wp\/v2\/product\/340088"}],"collection":[{"href":"https:\/\/www.livrariarema.com.br\/loja\/wp-json\/wp\/v2\/product"}],"about":[{"href":"https:\/\/www.livrariarema.com.br\/loja\/wp-json\/wp\/v2\/types\/product"}],"replies":[{"embeddable":true,"href":"https:\/\/www.livrariarema.com.br\/loja\/wp-json\/wp\/v2\/comments?post=340088"}],"wp:featuredmedia":[{"embeddable":true,"href":"https:\/\/www.livrariarema.com.br\/loja\/wp-json\/wp\/v2\/media\/345754"}],"wp:attachment":[{"href":"https:\/\/www.livrariarema.com.br\/loja\/wp-json\/wp\/v2\/media?parent=340088"}],"wp:term":[{"taxonomy":"product_cat","embeddable":true,"href":"https:\/\/www.livrariarema.com.br\/loja\/wp-json\/wp\/v2\/product_cat?post=340088"},{"taxonomy":"product_tag","embeddable":true,"href":"https:\/\/www.livrariarema.com.br\/loja\/wp-json\/wp\/v2\/product_tag?post=340088"}],"curies":[{"name":"wp","href":"https:\/\/api.w.org\/{rel}","templated":true}]}}