{"id":340125,"date":"2025-10-28T11:19:32","date_gmt":"2025-10-28T14:19:32","guid":{"rendered":"https:\/\/www.livrariarema.com.br\/loja\/produtos\/sem%20categoria\/hermeneutica-pura-e-simples-kevin-j-vanhoozer\/"},"modified":"2026-01-21T08:47:04","modified_gmt":"2026-01-21T11:47:04","slug":"hermeneutica-pura-e-simples-kevin-j-vanhoozer","status":"publish","type":"product","link":"https:\/\/www.livrariarema.com.br\/loja\/produtos\/livros\/teologia\/hermeneutica-pura-e-simples-kevin-j-vanhoozer\/","title":{"rendered":"Hermen\u00eautica Pura E Simples &#8211; Kevin J. Vanhoozer"},"content":{"rendered":"<p>Em Cristianismo puro e simples, C. S. Lewis apresentou o &#8220;sagu\u00e3o&#8221; da f\u00e9 crist\u00e3 &#8211; os princ\u00edpios essenciais que caracterizam o cristianismo e conectam os diferentes &#8220;c\u00f4modos&#8221; da casa de Deus, representados pelas diversas tradi\u00e7\u00f5es crist\u00e3s. Neste livro, Kevin J. Vanhoozer prop\u00f5e fazer pela hermen\u00eautica b\u00edblica o que Lewis fez pela f\u00e9 crist\u00e3 em geral.<br \/>\nEssa iniciativa parte do diagn\u00f3stico de um problema persistente: muitos crist\u00e3os se perguntam como ler as Escrituras de maneira correta, fiel e significativa. Esse desafio se manifesta especialmente em dois pontos:<br \/>\n A variedade de interpreta\u00e7\u00f5es da B\u00edblia, mesmo dentro de uma \u00fanica comunidade de f\u00e9.<br \/>\nA pluralidade de comunidades interpretativas &#8211; denominacionais, disciplinares, hist\u00f3ricas e globais &#8211; cada qual com seu pr\u00f3prio quadro referencial.<\/p>\n<p>Em resposta, Vanhoozer apresenta uma hermen\u00eautica crist\u00e3 &#8220;pura e simples&#8221;: uma abordagem teol\u00f3gica que l\u00ea as Escrituras com e para o povo de Deus &#8211; de ontem e de hoje, do Oriente e do Ocidente, do Norte e do Sul. Para fundamentar essa proposta, o autor recorre aos relatos da transfigura\u00e7\u00e3o de Jesus, um momento-chave na economia da revela\u00e7\u00e3o divina, sugerindo que a interpreta\u00e7\u00e3o espiritual ou &#8220;figural&#8221; n\u00e3o nega nem distorce o sentido literal das Escrituras, mas o glorifica.<br \/>\nEste livro \u00e9 essencial para quem deseja compreender o que significa ler a B\u00edblia teologicamente. Mais do que um manual de interpreta\u00e7\u00e3o, \u00e9 um chamado para que igreja e academia desenvolvam culturas de leitura capazes de sustentar a unidade na diversidade &#8211; o tipo de comunh\u00e3o que uma hermen\u00eautica crist\u00e3 &#8220;pura e simples&#8221; torna poss\u00edvel.<\/p>\n","protected":false},"excerpt":{"rendered":"<p>Em Cristianismo puro e simples, C. S. Lewis apresentou o &#8220;sagu\u00e3o&#8221; da f\u00e9 crist\u00e3 &#8211; os princ\u00edpios essenciais que caracterizam&hellip;<\/p>\n","protected":false},"featured_media":341542,"comment_status":"open","ping_status":"closed","template":"","meta":[],"product_cat":[134,136],"product_tag":[],"_links":{"self":[{"href":"https:\/\/www.livrariarema.com.br\/loja\/wp-json\/wp\/v2\/product\/340125"}],"collection":[{"href":"https:\/\/www.livrariarema.com.br\/loja\/wp-json\/wp\/v2\/product"}],"about":[{"href":"https:\/\/www.livrariarema.com.br\/loja\/wp-json\/wp\/v2\/types\/product"}],"replies":[{"embeddable":true,"href":"https:\/\/www.livrariarema.com.br\/loja\/wp-json\/wp\/v2\/comments?post=340125"}],"wp:featuredmedia":[{"embeddable":true,"href":"https:\/\/www.livrariarema.com.br\/loja\/wp-json\/wp\/v2\/media\/341542"}],"wp:attachment":[{"href":"https:\/\/www.livrariarema.com.br\/loja\/wp-json\/wp\/v2\/media?parent=340125"}],"wp:term":[{"taxonomy":"product_cat","embeddable":true,"href":"https:\/\/www.livrariarema.com.br\/loja\/wp-json\/wp\/v2\/product_cat?post=340125"},{"taxonomy":"product_tag","embeddable":true,"href":"https:\/\/www.livrariarema.com.br\/loja\/wp-json\/wp\/v2\/product_tag?post=340125"}],"curies":[{"name":"wp","href":"https:\/\/api.w.org\/{rel}","templated":true}]}}