{"id":340128,"date":"2025-10-28T11:20:43","date_gmt":"2025-10-28T14:20:43","guid":{"rendered":"https:\/\/www.livrariarema.com.br\/loja\/produtos\/sem%20categoria\/caminhando-como-filhas-amadas-danielli-cadore\/"},"modified":"2026-04-29T14:00:31","modified_gmt":"2026-04-29T17:00:31","slug":"caminhando-como-filhas-amadas-danielli-cadore","status":"publish","type":"product","link":"https:\/\/www.livrariarema.com.br\/loja\/produtos\/livros\/mulher\/caminhando-como-filhas-amadas-danielli-cadore\/","title":{"rendered":"Caminhando Como Filhas Amadas &#8211; Danielli Cadore"},"content":{"rendered":"<p>O que te define? O que faz de voc\u00ea&#8230; voc\u00ea? Talvez sua vontade seja responder: &#8220;Cristo! Minha rela\u00e7\u00e3o com ele me define!&#8221;. Mas essa realmente \u00e9 a resposta ou \u00e9 apenas o que parece correto? No dia a dia, podemos exercer diversos pap\u00e9is: filha, m\u00e3e, profissional, amiga, estudante, namorada, esposa, l\u00edder&#8230; Cada um vem com adapta\u00e7\u00f5es e restri\u00e7\u00f5es que precisamos para cumprir nossas fun\u00e7\u00f5es com excel\u00eancia. Mas \u00e0s vezes, sem perceber, podemos deixar os nossos pap\u00e9is definir quem somos. E assim, acaba faltando espa\u00e7o para nossa identidade real em Cristo. <br \/>\nNeste livro, Danielli Cadore conta como, por muitos anos, se sentiu inadequada nos ambientes que frequentava. Talvez voc\u00ea j\u00e1 tenha vivido isso, acreditando que era necess\u00e1rio reprimir certas partes de quem \u00e9 para ser aceita. Ao longo da obra, ela nos mostra que esse n\u00e3o \u00e9 o caminho.  O que n\u00f3s precisamos \u00e9 de um encontro verdadeiro e transformador com Deus para entender o quanto ele nos ama, da forma singular que nos criou. <br \/>\nVoc\u00ea tamb\u00e9m pode descobrir sua verdadeira identidade em Cristo. Junto com Danielli Cadore, adentre nesta jornada de autoconhecimento como filha amada do Pai.<\/p>\n","protected":false},"excerpt":{"rendered":"<p>O que te define? O que faz de voc\u00ea&#8230; voc\u00ea? Talvez sua vontade seja responder: &#8220;Cristo! Minha rela\u00e7\u00e3o com ele&hellip;<\/p>\n","protected":false},"featured_media":345783,"comment_status":"open","ping_status":"closed","template":"","meta":[],"product_cat":[134,170],"product_tag":[],"_links":{"self":[{"href":"https:\/\/www.livrariarema.com.br\/loja\/wp-json\/wp\/v2\/product\/340128"}],"collection":[{"href":"https:\/\/www.livrariarema.com.br\/loja\/wp-json\/wp\/v2\/product"}],"about":[{"href":"https:\/\/www.livrariarema.com.br\/loja\/wp-json\/wp\/v2\/types\/product"}],"replies":[{"embeddable":true,"href":"https:\/\/www.livrariarema.com.br\/loja\/wp-json\/wp\/v2\/comments?post=340128"}],"wp:featuredmedia":[{"embeddable":true,"href":"https:\/\/www.livrariarema.com.br\/loja\/wp-json\/wp\/v2\/media\/345783"}],"wp:attachment":[{"href":"https:\/\/www.livrariarema.com.br\/loja\/wp-json\/wp\/v2\/media?parent=340128"}],"wp:term":[{"taxonomy":"product_cat","embeddable":true,"href":"https:\/\/www.livrariarema.com.br\/loja\/wp-json\/wp\/v2\/product_cat?post=340128"},{"taxonomy":"product_tag","embeddable":true,"href":"https:\/\/www.livrariarema.com.br\/loja\/wp-json\/wp\/v2\/product_tag?post=340128"}],"curies":[{"name":"wp","href":"https:\/\/api.w.org\/{rel}","templated":true}]}}