{"id":340130,"date":"2025-10-28T11:20:50","date_gmt":"2025-10-28T14:20:50","guid":{"rendered":"https:\/\/www.livrariarema.com.br\/loja\/produtos\/sem categoria\/elas-da-biblia-um-devocional-para-garotas-cujas-historias-deus-esta-escrevendo-raquel-araujo\/"},"modified":"2026-04-04T10:11:21","modified_gmt":"2026-04-04T13:11:21","slug":"elas-da-biblia-um-devocional-para-garotas-cujas-historias-deus-esta-escrevendo-raquel-araujo","status":"publish","type":"product","link":"https:\/\/www.livrariarema.com.br\/loja\/produtos\/livros\/devocional\/elas-da-biblia-um-devocional-para-garotas-cujas-historias-deus-esta-escrevendo-raquel-araujo\/","title":{"rendered":"Elas Da B\u00edblia &#8211; Um Devocional Para Garotas Cujas Hist\u00f3rias Deus Est\u00e1 Escrevendo &#8211; Raquel Ara\u00fajo"},"content":{"rendered":"<p>Elas viveram coisas incr\u00edveis. E agora \u00e9 a sua vez de descobrir o que Deus pode fazer com a sua hist\u00f3ria.<\/p>\n<p>Quem disse que a B\u00edblia \u00e9 s\u00f3 sobre reis, profetas e milagres grandiosos? Este devocional com poesia para meninas mostra que, desde sempre, Deus usou mulheres comuns para fazer coisas extraordin\u00e1rias.<\/p>\n<p>Aqui, voc\u00ea vai conhecer Ana, Maria, Isabel, Ester e outras mulheres marcantes das Escrituras de um jeito novo: com texto po\u00e9tico, ilustra\u00e7\u00f5es fofas e reflex\u00f5es sens\u00edveis que t\u00eam tudo a ver com a sua vida.<\/p>\n<p>Em cada cap\u00edtulo, h\u00e1 um encontro entre a hist\u00f3ria dessas mulheres e as perguntas que tantas meninas ainda fazem hoje:<br \/>\n<br \/>\nQuem eu sou? O que Deus quer de mim? Onde ele est\u00e1 quando tudo parece escuro?<\/p>\n<p>Elas da B\u00edblia n\u00e3o \u00e9 s\u00f3 sobre o passado. \u00c9 sobre o que Deus continua fazendo atrav\u00e9s de cada menina que diz sim. Porque, assim como escreveu a hist\u00f3ria delas, ele est\u00e1 escrevendo a sua tamb\u00e9m.<\/p>\n","protected":false},"excerpt":{"rendered":"<p>Elas viveram coisas incr\u00edveis. E agora \u00e9 a sua vez de descobrir o que Deus pode fazer com a sua&hellip;<\/p>\n","protected":false},"featured_media":345729,"comment_status":"open","ping_status":"closed","template":"","meta":[],"product_cat":[158,134],"product_tag":[],"_links":{"self":[{"href":"https:\/\/www.livrariarema.com.br\/loja\/wp-json\/wp\/v2\/product\/340130"}],"collection":[{"href":"https:\/\/www.livrariarema.com.br\/loja\/wp-json\/wp\/v2\/product"}],"about":[{"href":"https:\/\/www.livrariarema.com.br\/loja\/wp-json\/wp\/v2\/types\/product"}],"replies":[{"embeddable":true,"href":"https:\/\/www.livrariarema.com.br\/loja\/wp-json\/wp\/v2\/comments?post=340130"}],"wp:featuredmedia":[{"embeddable":true,"href":"https:\/\/www.livrariarema.com.br\/loja\/wp-json\/wp\/v2\/media\/345729"}],"wp:attachment":[{"href":"https:\/\/www.livrariarema.com.br\/loja\/wp-json\/wp\/v2\/media?parent=340130"}],"wp:term":[{"taxonomy":"product_cat","embeddable":true,"href":"https:\/\/www.livrariarema.com.br\/loja\/wp-json\/wp\/v2\/product_cat?post=340130"},{"taxonomy":"product_tag","embeddable":true,"href":"https:\/\/www.livrariarema.com.br\/loja\/wp-json\/wp\/v2\/product_tag?post=340130"}],"curies":[{"name":"wp","href":"https:\/\/api.w.org\/{rel}","templated":true}]}}