{"id":340132,"date":"2025-10-28T11:20:57","date_gmt":"2025-10-28T14:20:57","guid":{"rendered":"https:\/\/www.livrariarema.com.br\/loja\/produtos\/sem categoria\/serie-os-dragoes-originais-a-guardia-de-pedras-cristina-bomfim\/"},"modified":"2026-03-28T10:40:52","modified_gmt":"2026-03-28T13:40:52","slug":"serie-os-dragoes-originais-a-guardia-de-pedras-cristina-bomfim","status":"publish","type":"product","link":"https:\/\/www.livrariarema.com.br\/loja\/produtos\/livros\/ficcao\/serie-os-dragoes-originais-a-guardia-de-pedras-cristina-bomfim\/","title":{"rendered":"S\u00e9rie Os Drag\u00f5es Originais &#8211; A Guardi\u00e3 De Pedras &#8211; Cristina Bomfim"},"content":{"rendered":"<p>A chama escolhe.<Br><br \/>\nA verdade queima.<Br><br \/>\n<Br><br \/>\nNo princ\u00edpio, a Chama Eterna acendeu os c\u00e9us e, de sua centelha, nasceram os nove Drag\u00f5es Originais.<Br><br \/>\nDesses seres primordiais surgiram nove cl\u00e3s, cada qual com seu povo, dons e cultura.<br \/>\n<Br><Br><br \/>\nEm Ekrateia, o cl\u00e3 do dom\u00ednio pr\u00f3prio, est\u00e1 Maila; filha de uma longa linhagem de guardi\u00f5es do templo, ela \u00e9 destinada a proteger o Livro da Eternidade. Contudo, o que deveria ser uma honra torna-se um verdadeiro fardo. Maila precisa ser impec\u00e1vel &#8211; como filha, como guardi\u00e3, como futura esposa. E ela tenta. Todos os dias.<Br><br \/>\n<Br><br \/>\nTudo muda quando Ardan, seu amigo de inf\u00e2ncia e agora rebelde renegado, invade o templo e rouba fragmentos do livro. Para recuper\u00e1-los, Maila \u00e9 lan\u00e7ada em uma jornada pelos nove cl\u00e3s, onde segredos adormecidos amea\u00e7am ruir a ordem do sistema que ela jurou proteger.<Br><\/p>\n","protected":false},"excerpt":{"rendered":"<p>A chama escolhe. A verdade queima. No princ\u00edpio, a Chama Eterna acendeu os c\u00e9us e, de sua centelha, nasceram os&hellip;<\/p>\n","protected":false},"featured_media":343386,"comment_status":"open","ping_status":"closed","template":"","meta":[],"product_cat":[162,134],"product_tag":[],"_links":{"self":[{"href":"https:\/\/www.livrariarema.com.br\/loja\/wp-json\/wp\/v2\/product\/340132"}],"collection":[{"href":"https:\/\/www.livrariarema.com.br\/loja\/wp-json\/wp\/v2\/product"}],"about":[{"href":"https:\/\/www.livrariarema.com.br\/loja\/wp-json\/wp\/v2\/types\/product"}],"replies":[{"embeddable":true,"href":"https:\/\/www.livrariarema.com.br\/loja\/wp-json\/wp\/v2\/comments?post=340132"}],"wp:featuredmedia":[{"embeddable":true,"href":"https:\/\/www.livrariarema.com.br\/loja\/wp-json\/wp\/v2\/media\/343386"}],"wp:attachment":[{"href":"https:\/\/www.livrariarema.com.br\/loja\/wp-json\/wp\/v2\/media?parent=340132"}],"wp:term":[{"taxonomy":"product_cat","embeddable":true,"href":"https:\/\/www.livrariarema.com.br\/loja\/wp-json\/wp\/v2\/product_cat?post=340132"},{"taxonomy":"product_tag","embeddable":true,"href":"https:\/\/www.livrariarema.com.br\/loja\/wp-json\/wp\/v2\/product_tag?post=340132"}],"curies":[{"name":"wp","href":"https:\/\/api.w.org\/{rel}","templated":true}]}}