{"id":340146,"date":"2025-10-28T11:23:06","date_gmt":"2025-10-28T14:23:06","guid":{"rendered":"https:\/\/www.livrariarema.com.br\/loja\/produtos\/sem%20categoria\/caminho-do-coracao-o-meditacoes-diarias-ricardo-barbosa-de-sousa\/"},"modified":"2026-03-27T09:51:17","modified_gmt":"2026-03-27T12:51:17","slug":"caminho-do-coracao-o-meditacoes-diarias-ricardo-barbosa-de-sousa","status":"publish","type":"product","link":"https:\/\/www.livrariarema.com.br\/loja\/produtos\/livros\/devocional\/caminho-do-coracao-o-meditacoes-diarias-ricardo-barbosa-de-sousa\/","title":{"rendered":"Caminho Do Cora\u00e7\u00e3o, O &#8211; Medita\u00e7\u00f5es Di\u00e1rias &#8211; Ricardo Barbosa De Sousa"},"content":{"rendered":"<p>UM DEVOCION\u00c1RIO \u00c9 COMO UM MAPA, UM GUIA, QUE NOS AJUDA A LER A B\u00cdBLIA BEM ACOMPANHADOS.<\/p>\n<p>Em  O CAMINHO DO CORA\u00c7\u00c3O &#8211; MEDITA\u00c7\u00d5ES DI\u00c1RIAS, somos guiados dia a dia pelas Escrituras e pela sua aplica\u00e7\u00e3o pr\u00e1tica. Uma leitura f\u00e1cil, que nos ensina a cultivar o encontro com Deus ao longo do ano.<\/p>\n<p>Como lidar com os desafios di\u00e1rios, as m\u00e1s not\u00edcias, a fam\u00edlia, o trabalho, a igreja, a incerteza sobre o futuro ou sobre o que pensar ou conversar?<\/p>\n<p>As Medita\u00e7\u00f5es Di\u00e1rias s\u00e3o como trilhas que nos ajudam a caminhar e desenvolver a vida crist\u00e3.<\/p>\n<p>O CAMINHO DO CORA\u00c7\u00c3O \u00e9 a possibilidade de come\u00e7ar de novo, para que &#8220;Deus nos desperte a cada manh\u00e3 e ou\u00e7amos a sua voz&#8221; (Isa\u00edas 50.4).<\/p>\n","protected":false},"excerpt":{"rendered":"<p>UM DEVOCION\u00c1RIO \u00c9 COMO UM MAPA, UM GUIA, QUE NOS AJUDA A LER A B\u00cdBLIA BEM ACOMPANHADOS. Em O CAMINHO&hellip;<\/p>\n","protected":false},"featured_media":340402,"comment_status":"open","ping_status":"closed","template":"","meta":[],"product_cat":[158,134],"product_tag":[],"_links":{"self":[{"href":"https:\/\/www.livrariarema.com.br\/loja\/wp-json\/wp\/v2\/product\/340146"}],"collection":[{"href":"https:\/\/www.livrariarema.com.br\/loja\/wp-json\/wp\/v2\/product"}],"about":[{"href":"https:\/\/www.livrariarema.com.br\/loja\/wp-json\/wp\/v2\/types\/product"}],"replies":[{"embeddable":true,"href":"https:\/\/www.livrariarema.com.br\/loja\/wp-json\/wp\/v2\/comments?post=340146"}],"wp:featuredmedia":[{"embeddable":true,"href":"https:\/\/www.livrariarema.com.br\/loja\/wp-json\/wp\/v2\/media\/340402"}],"wp:attachment":[{"href":"https:\/\/www.livrariarema.com.br\/loja\/wp-json\/wp\/v2\/media?parent=340146"}],"wp:term":[{"taxonomy":"product_cat","embeddable":true,"href":"https:\/\/www.livrariarema.com.br\/loja\/wp-json\/wp\/v2\/product_cat?post=340146"},{"taxonomy":"product_tag","embeddable":true,"href":"https:\/\/www.livrariarema.com.br\/loja\/wp-json\/wp\/v2\/product_tag?post=340146"}],"curies":[{"name":"wp","href":"https:\/\/api.w.org\/{rel}","templated":true}]}}