{"id":340166,"date":"2025-10-28T14:48:14","date_gmt":"2025-10-28T17:48:14","guid":{"rendered":"https:\/\/www.livrariarema.com.br\/loja\/produtos\/sem categoria\/caneca-de-ceramica-prime-350ml-fe-deus-um-lindo-jardim\/"},"modified":"2026-04-28T09:36:30","modified_gmt":"2026-04-28T12:36:30","slug":"caneca-de-ceramica-prime-350ml-fe-deus-um-lindo-jardim","status":"publish","type":"product","link":"https:\/\/www.livrariarema.com.br\/loja\/produtos\/diversos\/caneca\/caneca-de-ceramica-prime-350ml-fe-deus-um-lindo-jardim\/","title":{"rendered":"Caneca De Cer\u00e2mica &#8211; Prime 350Ml &#8211; F\u00e9 &#8211; Deus Um Lindo Jardim"},"content":{"rendered":"<p>CANECA CER\u00c2MICA PRIME &#8211; O PRESENTE PERFEITO! <br \/>\nA Caneca Cer\u00e2mica Prime \u00e9 o presente ideal para quem ama estilo e qualidade! <br \/>\n Com um design sofisticado e durabilidade incr\u00edvel, ela transforma cada momento em uma experi\u00eancia especial.<\/p>\n","protected":false},"excerpt":{"rendered":"<p>CANECA CER\u00c2MICA PRIME &#8211; O PRESENTE PERFEITO! A Caneca Cer\u00e2mica Prime \u00e9 o presente ideal para quem ama estilo e&hellip;<\/p>\n","protected":false},"featured_media":347374,"comment_status":"open","ping_status":"closed","template":"","meta":[],"product_cat":[235,132],"product_tag":[],"_links":{"self":[{"href":"https:\/\/www.livrariarema.com.br\/loja\/wp-json\/wp\/v2\/product\/340166"}],"collection":[{"href":"https:\/\/www.livrariarema.com.br\/loja\/wp-json\/wp\/v2\/product"}],"about":[{"href":"https:\/\/www.livrariarema.com.br\/loja\/wp-json\/wp\/v2\/types\/product"}],"replies":[{"embeddable":true,"href":"https:\/\/www.livrariarema.com.br\/loja\/wp-json\/wp\/v2\/comments?post=340166"}],"wp:featuredmedia":[{"embeddable":true,"href":"https:\/\/www.livrariarema.com.br\/loja\/wp-json\/wp\/v2\/media\/347374"}],"wp:attachment":[{"href":"https:\/\/www.livrariarema.com.br\/loja\/wp-json\/wp\/v2\/media?parent=340166"}],"wp:term":[{"taxonomy":"product_cat","embeddable":true,"href":"https:\/\/www.livrariarema.com.br\/loja\/wp-json\/wp\/v2\/product_cat?post=340166"},{"taxonomy":"product_tag","embeddable":true,"href":"https:\/\/www.livrariarema.com.br\/loja\/wp-json\/wp\/v2\/product_tag?post=340166"}],"curies":[{"name":"wp","href":"https:\/\/api.w.org\/{rel}","templated":true}]}}