{"id":340199,"date":"2025-10-28T14:50:28","date_gmt":"2025-10-28T17:50:28","guid":{"rendered":"https:\/\/www.livrariarema.com.br\/loja\/produtos\/sem categoria\/caneca-de-porcelana-quadrada-temas-capivibes\/"},"modified":"2026-04-28T09:39:08","modified_gmt":"2026-04-28T12:39:08","slug":"caneca-de-porcelana-quadrada-temas-capivibes","status":"publish","type":"product","link":"https:\/\/www.livrariarema.com.br\/loja\/produtos\/diversos\/caneca\/caneca-de-porcelana-quadrada-temas-capivibes\/","title":{"rendered":"Caneca De Porcelana &#8211; Quadrada Temas &#8211; Capivibes"},"content":{"rendered":"<p>A caneca perfeita para um caf\u00e9 com amor e sabor, para desfrute de cada gole e aproveitar cada momento de pausa com a companhias perfeitas. Esta caneca \u00e9 a escolha certa para quem busca qualidade e estilo em uma s\u00f3 pe\u00e7a.<\/p>\n","protected":false},"excerpt":{"rendered":"<p>A caneca perfeita para um caf\u00e9 com amor e sabor, para desfrute de cada gole e aproveitar cada momento de&hellip;<\/p>\n","protected":false},"featured_media":347390,"comment_status":"open","ping_status":"closed","template":"","meta":[],"product_cat":[235,132],"product_tag":[],"_links":{"self":[{"href":"https:\/\/www.livrariarema.com.br\/loja\/wp-json\/wp\/v2\/product\/340199"}],"collection":[{"href":"https:\/\/www.livrariarema.com.br\/loja\/wp-json\/wp\/v2\/product"}],"about":[{"href":"https:\/\/www.livrariarema.com.br\/loja\/wp-json\/wp\/v2\/types\/product"}],"replies":[{"embeddable":true,"href":"https:\/\/www.livrariarema.com.br\/loja\/wp-json\/wp\/v2\/comments?post=340199"}],"wp:featuredmedia":[{"embeddable":true,"href":"https:\/\/www.livrariarema.com.br\/loja\/wp-json\/wp\/v2\/media\/347390"}],"wp:attachment":[{"href":"https:\/\/www.livrariarema.com.br\/loja\/wp-json\/wp\/v2\/media?parent=340199"}],"wp:term":[{"taxonomy":"product_cat","embeddable":true,"href":"https:\/\/www.livrariarema.com.br\/loja\/wp-json\/wp\/v2\/product_cat?post=340199"},{"taxonomy":"product_tag","embeddable":true,"href":"https:\/\/www.livrariarema.com.br\/loja\/wp-json\/wp\/v2\/product_tag?post=340199"}],"curies":[{"name":"wp","href":"https:\/\/api.w.org\/{rel}","templated":true}]}}