{"id":340221,"date":"2025-10-28T14:51:36","date_gmt":"2025-10-28T17:51:36","guid":{"rendered":"https:\/\/www.livrariarema.com.br\/loja\/produtos\/sem categoria\/garrafa-termica-metal-500ml-fly-cactus-flower\/"},"modified":"2025-10-28T14:51:38","modified_gmt":"2025-10-28T17:51:38","slug":"garrafa-termica-metal-500ml-fly-cactus-flower","status":"publish","type":"product","link":"https:\/\/www.livrariarema.com.br\/loja\/produtos\/diversos\/garrafa-termica\/garrafa-termica-metal-500ml-fly-cactus-flower\/","title":{"rendered":"Garrafa T\u00e9rmica &#8211; Metal &#8211; 500Ml &#8211; Fly &#8211; Cactus Flower"},"content":{"rendered":"<p>Superar limites e desafios faz parte da nossa rotina, e para tornar o seu dia a dia ainda mais pr\u00e1tico, nada melhor do que ter sempre \u00e0 m\u00e3o uma \u00e1gua bem geladinha!<br \/>\nCom a GARRAFA T\u00c9RMICA METAL NEO, essa quest\u00e3o est\u00e1 resolvida! Ela \u00e9 estilosa, possui uma estampa linda e \u00fanica, que vai deixar o ambiente ainda mais sofisticado, al\u00e9m de ser super pr\u00e1tica. A garrafa possui um design despojado e din\u00e2mico, revestida com a\u00e7o inoxid\u00e1vel de alta qualidade para garantir durabilidade e resist\u00eancia durante o uso.<br \/>\nMant\u00e9m sua bebida quentinha ou fria por at\u00e9 10 horas, permitindo que voc\u00ea aproveite sua bebida preferida sem pressa e de forma super pr\u00e1tica.<\/p>\n","protected":false},"excerpt":{"rendered":"<p>Superar limites e desafios faz parte da nossa rotina, e para tornar o seu dia a dia ainda mais pr\u00e1tico,&hellip;<\/p>\n","protected":false},"featured_media":340220,"comment_status":"open","ping_status":"closed","template":"","meta":[],"product_cat":[132,242],"product_tag":[],"_links":{"self":[{"href":"https:\/\/www.livrariarema.com.br\/loja\/wp-json\/wp\/v2\/product\/340221"}],"collection":[{"href":"https:\/\/www.livrariarema.com.br\/loja\/wp-json\/wp\/v2\/product"}],"about":[{"href":"https:\/\/www.livrariarema.com.br\/loja\/wp-json\/wp\/v2\/types\/product"}],"replies":[{"embeddable":true,"href":"https:\/\/www.livrariarema.com.br\/loja\/wp-json\/wp\/v2\/comments?post=340221"}],"wp:featuredmedia":[{"embeddable":true,"href":"https:\/\/www.livrariarema.com.br\/loja\/wp-json\/wp\/v2\/media\/340220"}],"wp:attachment":[{"href":"https:\/\/www.livrariarema.com.br\/loja\/wp-json\/wp\/v2\/media?parent=340221"}],"wp:term":[{"taxonomy":"product_cat","embeddable":true,"href":"https:\/\/www.livrariarema.com.br\/loja\/wp-json\/wp\/v2\/product_cat?post=340221"},{"taxonomy":"product_tag","embeddable":true,"href":"https:\/\/www.livrariarema.com.br\/loja\/wp-json\/wp\/v2\/product_tag?post=340221"}],"curies":[{"name":"wp","href":"https:\/\/api.w.org\/{rel}","templated":true}]}}