{"id":340227,"date":"2025-10-28T14:51:57","date_gmt":"2025-10-28T17:51:57","guid":{"rendered":"https:\/\/www.livrariarema.com.br\/loja\/produtos\/sem categoria\/caneca-de-porcelana-urban-300ml-fe-prece-mais-bonita\/"},"modified":"2026-04-28T09:42:03","modified_gmt":"2026-04-28T12:42:03","slug":"caneca-de-porcelana-urban-300ml-fe-prece-mais-bonita","status":"publish","type":"product","link":"https:\/\/www.livrariarema.com.br\/loja\/produtos\/diversos\/caneca\/caneca-de-porcelana-urban-300ml-fe-prece-mais-bonita\/","title":{"rendered":"Caneca De Porcelana &#8211; Urban 300Ml &#8211; F\u00e9 &#8211; Prece Mais Bonita"},"content":{"rendered":"<p>As Canecas Porcelana Urban, as queridinhas de muitos, est\u00e3o de volta com um novo design! Al\u00e9m da qualidade impec\u00e1vel, as novas estampas trazem modernidade e eleg\u00e2ncia, ideais para quem valoriza estilo no dia a dia. Seja para aquele caf\u00e9 da manh\u00e3 especial ou um ch\u00e1 relaxante \u00e0 tarde, essas canecas s\u00e3o a escolha perfeita para quem busca praticidade sem abrir m\u00e3o do bom gosto.<\/p>\n","protected":false},"excerpt":{"rendered":"<p>As Canecas Porcelana Urban, as queridinhas de muitos, est\u00e3o de volta com um novo design! Al\u00e9m da qualidade impec\u00e1vel, as&hellip;<\/p>\n","protected":false},"featured_media":347399,"comment_status":"open","ping_status":"closed","template":"","meta":[],"product_cat":[235,132],"product_tag":[],"_links":{"self":[{"href":"https:\/\/www.livrariarema.com.br\/loja\/wp-json\/wp\/v2\/product\/340227"}],"collection":[{"href":"https:\/\/www.livrariarema.com.br\/loja\/wp-json\/wp\/v2\/product"}],"about":[{"href":"https:\/\/www.livrariarema.com.br\/loja\/wp-json\/wp\/v2\/types\/product"}],"replies":[{"embeddable":true,"href":"https:\/\/www.livrariarema.com.br\/loja\/wp-json\/wp\/v2\/comments?post=340227"}],"wp:featuredmedia":[{"embeddable":true,"href":"https:\/\/www.livrariarema.com.br\/loja\/wp-json\/wp\/v2\/media\/347399"}],"wp:attachment":[{"href":"https:\/\/www.livrariarema.com.br\/loja\/wp-json\/wp\/v2\/media?parent=340227"}],"wp:term":[{"taxonomy":"product_cat","embeddable":true,"href":"https:\/\/www.livrariarema.com.br\/loja\/wp-json\/wp\/v2\/product_cat?post=340227"},{"taxonomy":"product_tag","embeddable":true,"href":"https:\/\/www.livrariarema.com.br\/loja\/wp-json\/wp\/v2\/product_tag?post=340227"}],"curies":[{"name":"wp","href":"https:\/\/api.w.org\/{rel}","templated":true}]}}