{"id":340274,"date":"2025-10-28T15:03:57","date_gmt":"2025-10-28T18:03:57","guid":{"rendered":"https:\/\/www.livrariarema.com.br\/loja\/produtos\/sem categoria\/abuso-espiritual-michael-j-kruger\/"},"modified":"2026-01-29T16:31:02","modified_gmt":"2026-01-29T19:31:02","slug":"abuso-espiritual-michael-j-kruger","status":"publish","type":"product","link":"https:\/\/www.livrariarema.com.br\/loja\/produtos\/livros\/vida-crista\/abuso-espiritual-michael-j-kruger\/","title":{"rendered":"Abuso Espiritual &#8211; Michael J. Kruger"},"content":{"rendered":"<p>AS IGREJAS T\u00caM SIDO LIDERADAS PELAS PESSOAS CERTAS?<\/p>\n<p>Nos \u00faltimos anos, temos observado um n\u00famero cada vez maior de igrejas destru\u00eddas pelo abuso espiritual, por conta do comportamento autorit\u00e1rio e controlador de l\u00edderes locais. Os casos de maior visibilidade s\u00e3o apenas a ponta do iceberg: este tamb\u00e9m \u00e9 um problema presente em lugares dos quais nunca ouviremos falar.<br \/>\nApesar de convivermos com pessoas que vivem e se dedicam ao chamado pastoral de maneira admir\u00e1vel, n\u00e3o podemos fechar os olhos para a presen\u00e7a de pastores e l\u00edderes abusivos. Sens\u00edvel a esse tema, Michael J. Kruger escreveu Abuso espiritual, um livro de alerta contra lideran\u00e7as que seguem modelos humanos, e n\u00e3o o de Cristo. Seu argumento \u00e9 de que temos tolerado &#8211; e at\u00e9 celebrado &#8211; o tipo de l\u00edder contra o qual Jesus nos alertou.<br \/>\nCom sua experi\u00eancia como professor e reitor de semin\u00e1rio, Kruger reflete sobre o que constitui o abuso espiritual e sobre como estamos permitindo a ascens\u00e3o de l\u00edderes abusivos, al\u00e9m de expor os fatores que contribuem para que essas pessoas permane\u00e7am em sua posi\u00e7\u00e3o de poder. O autor apresenta de forma clara o que a B\u00edblia nos ensina sobre o abuso e dialoga diretamente com os l\u00edderes sobre as consequ\u00eancias vividas pelas v\u00edtimas.<br \/>\nDiante da urg\u00eancia de representantes mansos e humildes, Abuso Espiritual oferece uma contribui\u00e7\u00e3o \u00fanica, tanto para l\u00edderes quanto para membros da comunidade.<\/p>\n","protected":false},"excerpt":{"rendered":"<p>AS IGREJAS T\u00caM SIDO LIDERADAS PELAS PESSOAS CERTAS? Nos \u00faltimos anos, temos observado um n\u00famero cada vez maior de igrejas&hellip;<\/p>\n","protected":false},"featured_media":343994,"comment_status":"open","ping_status":"closed","template":"","meta":[],"product_cat":[134,137],"product_tag":[],"_links":{"self":[{"href":"https:\/\/www.livrariarema.com.br\/loja\/wp-json\/wp\/v2\/product\/340274"}],"collection":[{"href":"https:\/\/www.livrariarema.com.br\/loja\/wp-json\/wp\/v2\/product"}],"about":[{"href":"https:\/\/www.livrariarema.com.br\/loja\/wp-json\/wp\/v2\/types\/product"}],"replies":[{"embeddable":true,"href":"https:\/\/www.livrariarema.com.br\/loja\/wp-json\/wp\/v2\/comments?post=340274"}],"wp:featuredmedia":[{"embeddable":true,"href":"https:\/\/www.livrariarema.com.br\/loja\/wp-json\/wp\/v2\/media\/343994"}],"wp:attachment":[{"href":"https:\/\/www.livrariarema.com.br\/loja\/wp-json\/wp\/v2\/media?parent=340274"}],"wp:term":[{"taxonomy":"product_cat","embeddable":true,"href":"https:\/\/www.livrariarema.com.br\/loja\/wp-json\/wp\/v2\/product_cat?post=340274"},{"taxonomy":"product_tag","embeddable":true,"href":"https:\/\/www.livrariarema.com.br\/loja\/wp-json\/wp\/v2\/product_tag?post=340274"}],"curies":[{"name":"wp","href":"https:\/\/api.w.org\/{rel}","templated":true}]}}