{"id":340320,"date":"2025-10-28T15:10:13","date_gmt":"2025-10-28T18:10:13","guid":{"rendered":"https:\/\/www.livrariarema.com.br\/loja\/produtos\/sem categoria\/dia-em-que-hugo-perdeu-sua-baleia-o-rodrigo-bibo-e-phellip-willian\/"},"modified":"2026-04-10T12:10:33","modified_gmt":"2026-04-10T15:10:33","slug":"dia-em-que-hugo-perdeu-sua-baleia-o-rodrigo-bibo-e-phellip-willian","status":"publish","type":"product","link":"https:\/\/www.livrariarema.com.br\/loja\/produtos\/livros\/infantil\/dia-em-que-hugo-perdeu-sua-baleia-o-rodrigo-bibo-e-phellip-willian\/","title":{"rendered":"Dia Em Que Hugo Perdeu Sua Baleia, O &#8211; Rodrigo Bibo E Phellip Willian,"},"content":{"rendered":"<p>Hugo perdeu sua baleia.<br \/>\nProcurou embaixo da cama&#8230; nada.<br \/>\nNa casa da vov\u00f3&#8230; nada.<br \/>\nNo supermercado&#8230; tamb\u00e9m nada!<br \/>\nSer\u00e1 que ela foi nadar bem longe sem avisar?<br \/>\nCom a ajuda da mam\u00e3e, Hugo enfrenta um dia cheio de emo\u00e7\u00f5es na busca para reencontrar sua amiga.<\/p>\n<p>Nesta sens\u00edvel hist\u00f3ria, Rodrigo Bibo nos mostra que cada crian\u00e7a tem um jeito especial de sentir o mundo e que amor, paci\u00eancia e compreens\u00e3o podem deixar qualquer dia mais leve.<\/p>\n","protected":false},"excerpt":{"rendered":"<p>Hugo perdeu sua baleia. Procurou embaixo da cama&#8230; nada. Na casa da vov\u00f3&#8230; nada. No supermercado&#8230; tamb\u00e9m nada! Ser\u00e1 que&hellip;<\/p>\n","protected":false},"featured_media":343373,"comment_status":"open","ping_status":"closed","template":"","meta":[],"product_cat":[144,134],"product_tag":[],"_links":{"self":[{"href":"https:\/\/www.livrariarema.com.br\/loja\/wp-json\/wp\/v2\/product\/340320"}],"collection":[{"href":"https:\/\/www.livrariarema.com.br\/loja\/wp-json\/wp\/v2\/product"}],"about":[{"href":"https:\/\/www.livrariarema.com.br\/loja\/wp-json\/wp\/v2\/types\/product"}],"replies":[{"embeddable":true,"href":"https:\/\/www.livrariarema.com.br\/loja\/wp-json\/wp\/v2\/comments?post=340320"}],"wp:featuredmedia":[{"embeddable":true,"href":"https:\/\/www.livrariarema.com.br\/loja\/wp-json\/wp\/v2\/media\/343373"}],"wp:attachment":[{"href":"https:\/\/www.livrariarema.com.br\/loja\/wp-json\/wp\/v2\/media?parent=340320"}],"wp:term":[{"taxonomy":"product_cat","embeddable":true,"href":"https:\/\/www.livrariarema.com.br\/loja\/wp-json\/wp\/v2\/product_cat?post=340320"},{"taxonomy":"product_tag","embeddable":true,"href":"https:\/\/www.livrariarema.com.br\/loja\/wp-json\/wp\/v2\/product_tag?post=340320"}],"curies":[{"name":"wp","href":"https:\/\/api.w.org\/{rel}","templated":true}]}}