{"id":340394,"date":"2025-10-30T11:45:54","date_gmt":"2025-10-30T14:45:54","guid":{"rendered":"https:\/\/www.livrariarema.com.br\/loja\/produtos\/sem categoria\/caderneta-a5-leve-amor-pautado\/"},"modified":"2025-11-07T16:31:02","modified_gmt":"2025-11-07T19:31:02","slug":"caderneta-a5-leve-amor-pautado","status":"publish","type":"product","link":"https:\/\/www.livrariarema.com.br\/loja\/produtos\/papelaria\/caderneta\/caderneta-a5-leve-amor-pautado\/","title":{"rendered":"Caderneta &#8211; A5 &#8211; Leve Amor &#8211; Pautado"},"content":{"rendered":"<p>A Caderneta A5 Pautada Leve Amor \u00e9 perfeita para anota\u00e7\u00f5es, registros pessoais e ideias criativas. Com estampa exclusiva e delicada, traz charme e inspira\u00e7\u00e3o para o seu dia a dia.<\/p>\n<p>Detalhes:<br \/>\n* Miolo pautado com 100 folhas<br \/>\n* Papel off-white 100g\/m\u00b2<br \/>\n* Formato: 14,5cm x 21cm<br \/>\n* Capa e contracapa em material sint\u00e9tico (PU)<br \/>\n* Fita marca-p\u00e1gina com pingente<br \/>\n* Estampa autoral Fina Ideia<\/p>\n","protected":false},"excerpt":{"rendered":"<p>A Caderneta A5 Pautada Leve Amor \u00e9 perfeita para anota\u00e7\u00f5es, registros pessoais e ideias criativas. Com estampa exclusiva e delicada,&hellip;<\/p>\n","protected":false},"featured_media":340669,"comment_status":"open","ping_status":"closed","template":"","meta":[],"product_cat":[240,215],"product_tag":[],"_links":{"self":[{"href":"https:\/\/www.livrariarema.com.br\/loja\/wp-json\/wp\/v2\/product\/340394"}],"collection":[{"href":"https:\/\/www.livrariarema.com.br\/loja\/wp-json\/wp\/v2\/product"}],"about":[{"href":"https:\/\/www.livrariarema.com.br\/loja\/wp-json\/wp\/v2\/types\/product"}],"replies":[{"embeddable":true,"href":"https:\/\/www.livrariarema.com.br\/loja\/wp-json\/wp\/v2\/comments?post=340394"}],"wp:featuredmedia":[{"embeddable":true,"href":"https:\/\/www.livrariarema.com.br\/loja\/wp-json\/wp\/v2\/media\/340669"}],"wp:attachment":[{"href":"https:\/\/www.livrariarema.com.br\/loja\/wp-json\/wp\/v2\/media?parent=340394"}],"wp:term":[{"taxonomy":"product_cat","embeddable":true,"href":"https:\/\/www.livrariarema.com.br\/loja\/wp-json\/wp\/v2\/product_cat?post=340394"},{"taxonomy":"product_tag","embeddable":true,"href":"https:\/\/www.livrariarema.com.br\/loja\/wp-json\/wp\/v2\/product_tag?post=340394"}],"curies":[{"name":"wp","href":"https:\/\/api.w.org\/{rel}","templated":true}]}}