{"id":340520,"date":"2025-11-04T08:41:22","date_gmt":"2025-11-04T11:41:22","guid":{"rendered":"https:\/\/www.livrariarema.com.br\/loja\/produtos\/sem categoria\/lideranca-disruptiva-belchior-junior\/"},"modified":"2026-01-28T15:01:59","modified_gmt":"2026-01-28T18:01:59","slug":"lideranca-disruptiva-belchior-junior","status":"publish","type":"product","link":"https:\/\/www.livrariarema.com.br\/loja\/produtos\/livros\/lideranca\/lideranca-disruptiva-belchior-junior\/","title":{"rendered":"Lideran\u00e7a Disruptiva &#8211; Belchior J\u00fanior"},"content":{"rendered":"<p>Descubra como liderar com ousadia divina em um mundo de desafios complexos. Em Lideran\u00e7a Disruptiva , Belchior J\u00fanior oferece um guia transformador para pastores, l\u00edderes e todos que desejam impactar o Reino de Deus com coragem e criatividade. Baseado em experi\u00eancias ministeriais reais e inspirado em exemplos b\u00edblicos e hist\u00f3ricos &#8211; de Davi a Paulo, de Alexandre o Grande ao pr\u00f3prio Jesus Cristo &#8211; este livro revela como enxergar oportunidades onde outros veem apenas obst\u00e1culos.<\/p>\n<p>Mais do que um tratado te\u00f3rico, esta obra \u00e9 um manual pr\u00e1tico para l\u00edderes que desejam cortar os n\u00f3s de G\u00f3rdio que paralisam minist\u00e9rios e impedem o avan\u00e7o do Reino. Voc\u00ea aprender\u00e1 a combinar vis\u00e3o estrat\u00e9gica, depend\u00eancia de Deus e ousadia respons\u00e1vel para liderar fora da curva em tempos de mudan\u00e7a.<\/p>\n<p>Principais Benef\u00edcios e Destaques:<br \/>\n&#8211; Vis\u00e3o Transformadora: Aprenda a enxergar oportunidades em meio aos desafios ministeriais<br \/>\n&#8211; Fundamento B\u00edblico e Hist\u00f3rico: Inspira\u00e7\u00e3o em exemplos desde as Escrituras at\u00e9 a hist\u00f3ria mundial<br \/>\n&#8211; Aplica\u00e7\u00e3o Pr\u00e1tica: Conte\u00fado testado e comprovado na experi\u00eancia ministerial do autor<br \/>\n&#8211; Ousadia com Fidelidade: Desenvolva criatividade e coragem sem abrir m\u00e3o dos princ\u00edpios da Palavra<br \/>\n&#8211; Lideran\u00e7a Eficaz: Torne-se um l\u00edder que resolve problemas complexos e inspira mudan\u00e7as reais<\/p>\n","protected":false},"excerpt":{"rendered":"<p>Descubra como liderar com ousadia divina em um mundo de desafios complexos. Em Lideran\u00e7a Disruptiva , Belchior J\u00fanior oferece um&hellip;<\/p>\n","protected":false},"featured_media":343404,"comment_status":"open","ping_status":"closed","template":"","meta":[],"product_cat":[153,134],"product_tag":[],"_links":{"self":[{"href":"https:\/\/www.livrariarema.com.br\/loja\/wp-json\/wp\/v2\/product\/340520"}],"collection":[{"href":"https:\/\/www.livrariarema.com.br\/loja\/wp-json\/wp\/v2\/product"}],"about":[{"href":"https:\/\/www.livrariarema.com.br\/loja\/wp-json\/wp\/v2\/types\/product"}],"replies":[{"embeddable":true,"href":"https:\/\/www.livrariarema.com.br\/loja\/wp-json\/wp\/v2\/comments?post=340520"}],"wp:featuredmedia":[{"embeddable":true,"href":"https:\/\/www.livrariarema.com.br\/loja\/wp-json\/wp\/v2\/media\/343404"}],"wp:attachment":[{"href":"https:\/\/www.livrariarema.com.br\/loja\/wp-json\/wp\/v2\/media?parent=340520"}],"wp:term":[{"taxonomy":"product_cat","embeddable":true,"href":"https:\/\/www.livrariarema.com.br\/loja\/wp-json\/wp\/v2\/product_cat?post=340520"},{"taxonomy":"product_tag","embeddable":true,"href":"https:\/\/www.livrariarema.com.br\/loja\/wp-json\/wp\/v2\/product_tag?post=340520"}],"curies":[{"name":"wp","href":"https:\/\/api.w.org\/{rel}","templated":true}]}}