{"id":340678,"date":"2025-11-06T17:30:16","date_gmt":"2025-11-06T20:30:16","guid":{"rendered":"https:\/\/www.livrariarema.com.br\/loja\/produtos\/sem%20categoria\/biblia-da-mulher-deus-e-elas-rosa\/"},"modified":"2026-02-23T09:51:10","modified_gmt":"2026-02-23T12:51:10","slug":"biblia-da-mulher-deus-e-elas-rosa","status":"publish","type":"product","link":"https:\/\/www.livrariarema.com.br\/loja\/produtos\/biblias\/estudo-feminina\/biblia-da-mulher-deus-e-elas-rosa\/","title":{"rendered":"Biblia Da Mulher Deus E Elas &#8211; Rosa"},"content":{"rendered":"<p>B\u00cdBLIA DA MULHER &#8211; Deus e elas <\/p>\n<p>Ela \u00e9 forte e digna, e n\u00e3o tem medo do futuro.&#8221; &#8211; Prov\u00e9rbios 31:25 <\/p>\n<p>Por que esta B\u00edblia \u00e9 indispens\u00e1vel? <br \/>\nA B\u00edblia da Mulher: Deus e Elas \u00e9 uma edi\u00e7\u00e3o especialmente desenvolvida para mulheres que desejam aprofundar sua f\u00e9 e compreender melhor o papel feminino nas Escrituras. Com conte\u00fados escritos por mulheres e para mulheres, oferece uma abordagem sens\u00edvel e profunda sobre temas relevantes ao universo feminino, fortalecendo a identidade e a espiritualidade da leitora.  <\/p>\n<p>Confian\u00e7a e prop\u00f3sito <br \/>\nEsta B\u00edblia destaca a for\u00e7a e a dignidade da mulher crist\u00e3, incentivando-a a viver com confian\u00e7a e prop\u00f3sito. Por meio de artigos, reflex\u00f5es e perfis de mulheres b\u00edblicas, a leitora \u00e9 encorajada a desenvolver uma f\u00e9 s\u00f3lida e ativa, enfrentando os desafios da vida com sabedoria e coragem.  <\/p>\n<p>Edi\u00e7\u00e3o especial <br \/>\nCom design moderno e clean, a B\u00edblia da Mulher: Deus e Elas est\u00e1 dispon\u00edvel em tr\u00eas op\u00e7\u00f5es de capa, todas com encaderna\u00e7\u00e3o de alta qualidade e papel de alta opacidade, garantindo durabilidade e conforto na leitura di\u00e1ria.  <\/p>\n","protected":false},"excerpt":{"rendered":"<p>B\u00cdBLIA DA MULHER &#8211; Deus e elas Ela \u00e9 forte e digna, e n\u00e3o tem medo do futuro.&#8221; &#8211; Prov\u00e9rbios&hellip;<\/p>\n","protected":false},"featured_media":340811,"comment_status":"open","ping_status":"closed","template":"","meta":[],"product_cat":[139,175],"product_tag":[],"_links":{"self":[{"href":"https:\/\/www.livrariarema.com.br\/loja\/wp-json\/wp\/v2\/product\/340678"}],"collection":[{"href":"https:\/\/www.livrariarema.com.br\/loja\/wp-json\/wp\/v2\/product"}],"about":[{"href":"https:\/\/www.livrariarema.com.br\/loja\/wp-json\/wp\/v2\/types\/product"}],"replies":[{"embeddable":true,"href":"https:\/\/www.livrariarema.com.br\/loja\/wp-json\/wp\/v2\/comments?post=340678"}],"wp:featuredmedia":[{"embeddable":true,"href":"https:\/\/www.livrariarema.com.br\/loja\/wp-json\/wp\/v2\/media\/340811"}],"wp:attachment":[{"href":"https:\/\/www.livrariarema.com.br\/loja\/wp-json\/wp\/v2\/media?parent=340678"}],"wp:term":[{"taxonomy":"product_cat","embeddable":true,"href":"https:\/\/www.livrariarema.com.br\/loja\/wp-json\/wp\/v2\/product_cat?post=340678"},{"taxonomy":"product_tag","embeddable":true,"href":"https:\/\/www.livrariarema.com.br\/loja\/wp-json\/wp\/v2\/product_tag?post=340678"}],"curies":[{"name":"wp","href":"https:\/\/api.w.org\/{rel}","templated":true}]}}