{"id":341101,"date":"2025-11-18T10:44:43","date_gmt":"2025-11-18T13:44:43","guid":{"rendered":"https:\/\/www.livrariarema.com.br\/loja\/produtos\/sem categoria\/terra-plana-galileu-na-prisao-e-outros-mitos-sobre-ciencia-e-religiao-ronald-l-numbers\/"},"modified":"2026-03-04T12:36:07","modified_gmt":"2026-03-04T15:36:07","slug":"terra-plana-galileu-na-prisao-e-outros-mitos-sobre-ciencia-e-religiao-ronald-l-numbers","status":"publish","type":"product","link":"https:\/\/www.livrariarema.com.br\/loja\/produtos\/livros\/atualidades\/terra-plana-galileu-na-prisao-e-outros-mitos-sobre-ciencia-e-religiao-ronald-l-numbers\/","title":{"rendered":"Terra Plana, Galileu Na Pris\u00e3o E Outros Mitos Sobre Ci\u00eancia E Religi\u00e3o &#8211; Ronald L. Numbers"},"content":{"rendered":"<p>Ser\u00e1 que a igreja medieval defendia que a Terra era plana? Ser\u00e1 que Galileu foi torturado pela Inquisi\u00e7\u00e3o? A teoria da evolu\u00e7\u00e3o acabou com o projeto da teologia natural? Einstein acreditava mesmo em Deus? A ideia de que ci\u00eancia e religi\u00e3o vivem em uma guerra cont\u00ednua e intermin\u00e1vel ainda persiste tanto nas m\u00eddias populares quanto nos corredores acad\u00eamicos. Mas, como cada cap\u00edtulo de Terra Plana, Inquisi\u00e7\u00e3o e outros mitos de ci\u00eancia e religi\u00e3o mostra, \u00e9 imperativo que aprendamos a deixar os mitos para tr\u00e1s e olhar a hist\u00f3ria como ela mesma se apresenta. Cada um dos 25 cap\u00edtulos \u00e9 escrito por um importante acad\u00eamico, que explora com agudez e coer\u00eancia um epis\u00f3dio marcante na intera\u00e7\u00e3o entre ci\u00eancia e religi\u00e3o, desfazendo os contornos m\u00edticos e fantasiosos que tais hist\u00f3rias adquiriram ao longo do tempo. Como fica claro, um projeto ideol\u00f3gico no final do s\u00e9culo XIX tentou emplacar o mito do conflito entre a ci\u00eancia e a religi\u00e3o. J\u00e1 \u00e9 hora de, com adequado rigor acad\u00eamico e clareza, mostrar que a complexa hist\u00f3ria da rela\u00e7\u00e3o entre essas duas grandes for\u00e7as foi &#8211; e ainda pode ser &#8211; rica, envolvente, e com benef\u00edcios para ambas<\/p>\n","protected":false},"excerpt":{"rendered":"<p>Ser\u00e1 que a igreja medieval defendia que a Terra era plana? Ser\u00e1 que Galileu foi torturado pela Inquisi\u00e7\u00e3o? A teoria&hellip;<\/p>\n","protected":false},"featured_media":345822,"comment_status":"open","ping_status":"closed","template":"","meta":[],"product_cat":[191,134],"product_tag":[],"_links":{"self":[{"href":"https:\/\/www.livrariarema.com.br\/loja\/wp-json\/wp\/v2\/product\/341101"}],"collection":[{"href":"https:\/\/www.livrariarema.com.br\/loja\/wp-json\/wp\/v2\/product"}],"about":[{"href":"https:\/\/www.livrariarema.com.br\/loja\/wp-json\/wp\/v2\/types\/product"}],"replies":[{"embeddable":true,"href":"https:\/\/www.livrariarema.com.br\/loja\/wp-json\/wp\/v2\/comments?post=341101"}],"wp:featuredmedia":[{"embeddable":true,"href":"https:\/\/www.livrariarema.com.br\/loja\/wp-json\/wp\/v2\/media\/345822"}],"wp:attachment":[{"href":"https:\/\/www.livrariarema.com.br\/loja\/wp-json\/wp\/v2\/media?parent=341101"}],"wp:term":[{"taxonomy":"product_cat","embeddable":true,"href":"https:\/\/www.livrariarema.com.br\/loja\/wp-json\/wp\/v2\/product_cat?post=341101"},{"taxonomy":"product_tag","embeddable":true,"href":"https:\/\/www.livrariarema.com.br\/loja\/wp-json\/wp\/v2\/product_tag?post=341101"}],"curies":[{"name":"wp","href":"https:\/\/api.w.org\/{rel}","templated":true}]}}