{"id":341140,"date":"2025-11-19T16:56:55","date_gmt":"2025-11-19T19:56:55","guid":{"rendered":"https:\/\/www.livrariarema.com.br\/loja\/produtos\/sem categoria\/uma-porta-para-o-sol-nascente-rafaela-aquino\/"},"modified":"2025-11-29T11:51:36","modified_gmt":"2025-11-29T14:51:36","slug":"uma-porta-para-o-sol-nascente-rafaela-aquino","status":"publish","type":"product","link":"https:\/\/www.livrariarema.com.br\/loja\/produtos\/livros\/ficcao\/uma-porta-para-o-sol-nascente-rafaela-aquino\/","title":{"rendered":"Uma Porta Para O Sol Nascente &#8211; Rafaela Aquino"},"content":{"rendered":"<p>Rafaela Aquino conduz o leitor por uma hist\u00f3ria inspiradora sobre f\u00e9, recome\u00e7os e encontros que mudam destinos. <br \/>\nUma Porta para o Sol Nascente narra a jornada de Lia, uma jovem que deixa o interior do Brasil e parte para S\u00e3o Paulo em busca de novas oportunidades &#8211; e, acima de tudo, de um recome\u00e7o espiritual. Entre incertezas, ora\u00e7\u00f5es e portas que se fecham, ela descobre que Deus nunca se esquece de quem escolheu confiar.<\/p>\n<p>Quando uma inesperada demiss\u00e3o se transforma em convite para um interc\u00e2mbio volunt\u00e1rio no Jap\u00e3o, Lia embarca rumo \u00e0 terra do sol nascente, sem imaginar que ali viveria uma das experi\u00eancias mais marcantes de sua vida. \u00c9 em Kyoto que ela conhece Haruki, um jovem japon\u00eas sens\u00edvel e reservado, cuja gentileza e f\u00e9 silenciosa passam a iluminar seus dias. Entre templos antigos, ruas floridas por cerejeiras e conversas profundas, nasce uma amizade que carrega um toque de algo maior &#8211; um sentimento que, aos poucos, floresce em um delicado romance.<\/p>\n<p>Entre o amor humano e o amor divino, Lia aprende que as esperas de Deus nunca s\u00e3o em v\u00e3o. Este livro \u00e9 sobre portas que se abrem no tempo certo, sobre cura, f\u00e9 e o poder transformador dos encontros que Ele escreve com perfei\u00e7\u00e3o.<\/p>\n","protected":false},"excerpt":{"rendered":"<p>Rafaela Aquino conduz o leitor por uma hist\u00f3ria inspiradora sobre f\u00e9, recome\u00e7os e encontros que mudam destinos. Uma Porta para&hellip;<\/p>\n","protected":false},"featured_media":341379,"comment_status":"open","ping_status":"closed","template":"","meta":[],"product_cat":[162,134],"product_tag":[],"_links":{"self":[{"href":"https:\/\/www.livrariarema.com.br\/loja\/wp-json\/wp\/v2\/product\/341140"}],"collection":[{"href":"https:\/\/www.livrariarema.com.br\/loja\/wp-json\/wp\/v2\/product"}],"about":[{"href":"https:\/\/www.livrariarema.com.br\/loja\/wp-json\/wp\/v2\/types\/product"}],"replies":[{"embeddable":true,"href":"https:\/\/www.livrariarema.com.br\/loja\/wp-json\/wp\/v2\/comments?post=341140"}],"wp:featuredmedia":[{"embeddable":true,"href":"https:\/\/www.livrariarema.com.br\/loja\/wp-json\/wp\/v2\/media\/341379"}],"wp:attachment":[{"href":"https:\/\/www.livrariarema.com.br\/loja\/wp-json\/wp\/v2\/media?parent=341140"}],"wp:term":[{"taxonomy":"product_cat","embeddable":true,"href":"https:\/\/www.livrariarema.com.br\/loja\/wp-json\/wp\/v2\/product_cat?post=341140"},{"taxonomy":"product_tag","embeddable":true,"href":"https:\/\/www.livrariarema.com.br\/loja\/wp-json\/wp\/v2\/product_tag?post=341140"}],"curies":[{"name":"wp","href":"https:\/\/api.w.org\/{rel}","templated":true}]}}