{"id":341151,"date":"2025-11-21T10:47:09","date_gmt":"2025-11-21T13:47:09","guid":{"rendered":"https:\/\/www.livrariarema.com.br\/loja\/produtos\/sem categoria\/365-caca-palavras-geografia\/"},"modified":"2026-03-28T11:40:55","modified_gmt":"2026-03-28T14:40:55","slug":"365-caca-palavras-geografia","status":"publish","type":"product","link":"https:\/\/www.livrariarema.com.br\/loja\/produtos\/livros\/cruzadas-caca-palavras-jogos\/365-caca-palavras-geografia\/","title":{"rendered":"365 Ca\u00e7a-Palavras &#8211; Geografia"},"content":{"rendered":"<p>Aprimore seu raciocinio l\u00f3gico, melhore sua mem\u00f3ria e se atualize sobre Geografia enquanto se diverte com os 365 ca\u00e7a-palavras.<\/p>\n","protected":false},"excerpt":{"rendered":"<p>Aprimore seu raciocinio l\u00f3gico, melhore sua mem\u00f3ria e se atualize sobre Geografia enquanto se diverte com os 365 ca\u00e7a-palavras.<\/p>\n","protected":false},"featured_media":341297,"comment_status":"open","ping_status":"closed","template":"","meta":[],"product_cat":[338,134],"product_tag":[],"_links":{"self":[{"href":"https:\/\/www.livrariarema.com.br\/loja\/wp-json\/wp\/v2\/product\/341151"}],"collection":[{"href":"https:\/\/www.livrariarema.com.br\/loja\/wp-json\/wp\/v2\/product"}],"about":[{"href":"https:\/\/www.livrariarema.com.br\/loja\/wp-json\/wp\/v2\/types\/product"}],"replies":[{"embeddable":true,"href":"https:\/\/www.livrariarema.com.br\/loja\/wp-json\/wp\/v2\/comments?post=341151"}],"wp:featuredmedia":[{"embeddable":true,"href":"https:\/\/www.livrariarema.com.br\/loja\/wp-json\/wp\/v2\/media\/341297"}],"wp:attachment":[{"href":"https:\/\/www.livrariarema.com.br\/loja\/wp-json\/wp\/v2\/media?parent=341151"}],"wp:term":[{"taxonomy":"product_cat","embeddable":true,"href":"https:\/\/www.livrariarema.com.br\/loja\/wp-json\/wp\/v2\/product_cat?post=341151"},{"taxonomy":"product_tag","embeddable":true,"href":"https:\/\/www.livrariarema.com.br\/loja\/wp-json\/wp\/v2\/product_tag?post=341151"}],"curies":[{"name":"wp","href":"https:\/\/api.w.org\/{rel}","templated":true}]}}