{"id":341155,"date":"2025-11-21T10:47:35","date_gmt":"2025-11-21T13:47:35","guid":{"rendered":"https:\/\/www.livrariarema.com.br\/loja\/produtos\/sem categoria\/365-cruzadas-diretas-nivel-dificil-i\/"},"modified":"2026-04-04T11:01:24","modified_gmt":"2026-04-04T14:01:24","slug":"365-cruzadas-diretas-nivel-dificil-i","status":"publish","type":"product","link":"https:\/\/www.livrariarema.com.br\/loja\/produtos\/livros\/cruzadas-caca-palavras-jogos\/365-cruzadas-diretas-nivel-dificil-i\/","title":{"rendered":"365 Cruzadas Diretas &#8211; N\u00edvel Dif\u00edcil I"},"content":{"rendered":"<p>Fazer palavras cruzadas \u00e9 uma maneira criativa e divertida de desenvolver o racioc\u00ednio e deixar o pensamento \u00e1gil, al\u00e9m de se atualizar sobre diversos assuntos e enriquecer o vocabul\u00e1rio. Este livro cont\u00e9m 365 cruzadas de n\u00edvel dif\u00edcil de dificuldade para v\u00e1rias horas de entretenimento.<\/p>\n","protected":false},"excerpt":{"rendered":"<p>Fazer palavras cruzadas \u00e9 uma maneira criativa e divertida de desenvolver o racioc\u00ednio e deixar o pensamento \u00e1gil, al\u00e9m de&hellip;<\/p>\n","protected":false},"featured_media":341201,"comment_status":"open","ping_status":"closed","template":"","meta":[],"product_cat":[338,134],"product_tag":[],"_links":{"self":[{"href":"https:\/\/www.livrariarema.com.br\/loja\/wp-json\/wp\/v2\/product\/341155"}],"collection":[{"href":"https:\/\/www.livrariarema.com.br\/loja\/wp-json\/wp\/v2\/product"}],"about":[{"href":"https:\/\/www.livrariarema.com.br\/loja\/wp-json\/wp\/v2\/types\/product"}],"replies":[{"embeddable":true,"href":"https:\/\/www.livrariarema.com.br\/loja\/wp-json\/wp\/v2\/comments?post=341155"}],"wp:featuredmedia":[{"embeddable":true,"href":"https:\/\/www.livrariarema.com.br\/loja\/wp-json\/wp\/v2\/media\/341201"}],"wp:attachment":[{"href":"https:\/\/www.livrariarema.com.br\/loja\/wp-json\/wp\/v2\/media?parent=341155"}],"wp:term":[{"taxonomy":"product_cat","embeddable":true,"href":"https:\/\/www.livrariarema.com.br\/loja\/wp-json\/wp\/v2\/product_cat?post=341155"},{"taxonomy":"product_tag","embeddable":true,"href":"https:\/\/www.livrariarema.com.br\/loja\/wp-json\/wp\/v2\/product_tag?post=341155"}],"curies":[{"name":"wp","href":"https:\/\/api.w.org\/{rel}","templated":true}]}}