{"id":341158,"date":"2025-11-21T10:47:51","date_gmt":"2025-11-21T13:47:51","guid":{"rendered":"https:\/\/www.livrariarema.com.br\/loja\/produtos\/sem categoria\/365-cruzadas-diretas-nivel-facil-i\/"},"modified":"2026-02-04T14:28:38","modified_gmt":"2026-02-04T17:28:38","slug":"365-cruzadas-diretas-nivel-facil-i","status":"publish","type":"product","link":"https:\/\/www.livrariarema.com.br\/loja\/produtos\/livros\/cruzadas-caca-palavras-jogos\/365-cruzadas-diretas-nivel-facil-i\/","title":{"rendered":"365 Cruzadas Diretas &#8211; N\u00edvel F\u00e1cil I"},"content":{"rendered":"<p>Fazer palavras cruzadas \u00e9 uma MANEIRA criativa e divertida de desenvolver o racioc\u00ednio, deixar o pensamento \u00e1gil, al\u00e9m de se atualizar sobre diversos assuntos e enriquecer o vocabul\u00e1rio. Este livro cont\u00e9m 365 CRUZADAS DE N\u00cdVEL F\u00c1CIL PARA V\u00c1RIAS HORAS DE ENTRETENIMENTO.<\/p>\n","protected":false},"excerpt":{"rendered":"<p>Fazer palavras cruzadas \u00e9 uma MANEIRA criativa e divertida de desenvolver o racioc\u00ednio, deixar o pensamento \u00e1gil, al\u00e9m de se&hellip;<\/p>\n","protected":false},"featured_media":341198,"comment_status":"open","ping_status":"closed","template":"","meta":[],"product_cat":[338,134],"product_tag":[],"_links":{"self":[{"href":"https:\/\/www.livrariarema.com.br\/loja\/wp-json\/wp\/v2\/product\/341158"}],"collection":[{"href":"https:\/\/www.livrariarema.com.br\/loja\/wp-json\/wp\/v2\/product"}],"about":[{"href":"https:\/\/www.livrariarema.com.br\/loja\/wp-json\/wp\/v2\/types\/product"}],"replies":[{"embeddable":true,"href":"https:\/\/www.livrariarema.com.br\/loja\/wp-json\/wp\/v2\/comments?post=341158"}],"wp:featuredmedia":[{"embeddable":true,"href":"https:\/\/www.livrariarema.com.br\/loja\/wp-json\/wp\/v2\/media\/341198"}],"wp:attachment":[{"href":"https:\/\/www.livrariarema.com.br\/loja\/wp-json\/wp\/v2\/media?parent=341158"}],"wp:term":[{"taxonomy":"product_cat","embeddable":true,"href":"https:\/\/www.livrariarema.com.br\/loja\/wp-json\/wp\/v2\/product_cat?post=341158"},{"taxonomy":"product_tag","embeddable":true,"href":"https:\/\/www.livrariarema.com.br\/loja\/wp-json\/wp\/v2\/product_tag?post=341158"}],"curies":[{"name":"wp","href":"https:\/\/api.w.org\/{rel}","templated":true}]}}