{"id":341170,"date":"2025-11-21T10:53:17","date_gmt":"2025-11-21T13:53:17","guid":{"rendered":"https:\/\/www.livrariarema.com.br\/loja\/produtos\/sem categoria\/365-caca-palavras-natureza\/"},"modified":"2026-03-07T14:05:32","modified_gmt":"2026-03-07T17:05:32","slug":"365-caca-palavras-natureza","status":"publish","type":"product","link":"https:\/\/www.livrariarema.com.br\/loja\/produtos\/livros\/cruzadas-caca-palavras-jogos\/365-caca-palavras-natureza\/","title":{"rendered":"365 Ca\u00e7a-Palavras &#8211; Natureza"},"content":{"rendered":"<p>Exercite sua mente e aprenda diferentes palavras relacionadas \u00e0 natureza. Neste ca\u00e7a-palavras voc\u00ea vai encontrar nomes de \u00e1rvores, plantas, frutos e flores.<\/p>\n","protected":false},"excerpt":{"rendered":"<p>Exercite sua mente e aprenda diferentes palavras relacionadas \u00e0 natureza. Neste ca\u00e7a-palavras voc\u00ea vai encontrar nomes de \u00e1rvores, plantas, frutos&hellip;<\/p>\n","protected":false},"featured_media":345920,"comment_status":"open","ping_status":"closed","template":"","meta":[],"product_cat":[338,134],"product_tag":[],"_links":{"self":[{"href":"https:\/\/www.livrariarema.com.br\/loja\/wp-json\/wp\/v2\/product\/341170"}],"collection":[{"href":"https:\/\/www.livrariarema.com.br\/loja\/wp-json\/wp\/v2\/product"}],"about":[{"href":"https:\/\/www.livrariarema.com.br\/loja\/wp-json\/wp\/v2\/types\/product"}],"replies":[{"embeddable":true,"href":"https:\/\/www.livrariarema.com.br\/loja\/wp-json\/wp\/v2\/comments?post=341170"}],"wp:featuredmedia":[{"embeddable":true,"href":"https:\/\/www.livrariarema.com.br\/loja\/wp-json\/wp\/v2\/media\/345920"}],"wp:attachment":[{"href":"https:\/\/www.livrariarema.com.br\/loja\/wp-json\/wp\/v2\/media?parent=341170"}],"wp:term":[{"taxonomy":"product_cat","embeddable":true,"href":"https:\/\/www.livrariarema.com.br\/loja\/wp-json\/wp\/v2\/product_cat?post=341170"},{"taxonomy":"product_tag","embeddable":true,"href":"https:\/\/www.livrariarema.com.br\/loja\/wp-json\/wp\/v2\/product_tag?post=341170"}],"curies":[{"name":"wp","href":"https:\/\/api.w.org\/{rel}","templated":true}]}}