{"id":341175,"date":"2025-11-21T10:54:40","date_gmt":"2025-11-21T13:54:40","guid":{"rendered":"https:\/\/www.livrariarema.com.br\/loja\/produtos\/sem categoria\/365-caca-palavras-historia\/"},"modified":"2026-04-07T16:41:16","modified_gmt":"2026-04-07T19:41:16","slug":"365-caca-palavras-historia","status":"publish","type":"product","link":"https:\/\/www.livrariarema.com.br\/loja\/produtos\/livros\/cruzadas-caca-palavras-jogos\/365-caca-palavras-historia\/","title":{"rendered":"365 Ca\u00e7a-Palavras &#8211; Hist\u00f3ria"},"content":{"rendered":"<p>Aprimore seu raciocinio l\u00f3gico, melhore sua mem\u00f3ria e se atualize sobre Hist\u00f3ria enquanto se diverte com os 365 ca\u00e7a-palavras. S\u00e3o v\u00e1rios jogos para voc\u00ea se desafiar.<\/p>\n","protected":false},"excerpt":{"rendered":"<p>Aprimore seu raciocinio l\u00f3gico, melhore sua mem\u00f3ria e se atualize sobre Hist\u00f3ria enquanto se diverte com os 365 ca\u00e7a-palavras. S\u00e3o&hellip;<\/p>\n","protected":false},"featured_media":341300,"comment_status":"open","ping_status":"closed","template":"","meta":[],"product_cat":[338,134],"product_tag":[],"_links":{"self":[{"href":"https:\/\/www.livrariarema.com.br\/loja\/wp-json\/wp\/v2\/product\/341175"}],"collection":[{"href":"https:\/\/www.livrariarema.com.br\/loja\/wp-json\/wp\/v2\/product"}],"about":[{"href":"https:\/\/www.livrariarema.com.br\/loja\/wp-json\/wp\/v2\/types\/product"}],"replies":[{"embeddable":true,"href":"https:\/\/www.livrariarema.com.br\/loja\/wp-json\/wp\/v2\/comments?post=341175"}],"wp:featuredmedia":[{"embeddable":true,"href":"https:\/\/www.livrariarema.com.br\/loja\/wp-json\/wp\/v2\/media\/341300"}],"wp:attachment":[{"href":"https:\/\/www.livrariarema.com.br\/loja\/wp-json\/wp\/v2\/media?parent=341175"}],"wp:term":[{"taxonomy":"product_cat","embeddable":true,"href":"https:\/\/www.livrariarema.com.br\/loja\/wp-json\/wp\/v2\/product_cat?post=341175"},{"taxonomy":"product_tag","embeddable":true,"href":"https:\/\/www.livrariarema.com.br\/loja\/wp-json\/wp\/v2\/product_tag?post=341175"}],"curies":[{"name":"wp","href":"https:\/\/api.w.org\/{rel}","templated":true}]}}