{"id":341208,"date":"2025-11-24T12:16:10","date_gmt":"2025-11-24T15:16:10","guid":{"rendered":"https:\/\/www.livrariarema.com.br\/loja\/produtos\/sem categoria\/escreva-e-apague-vamos-aprender-os-numeros\/"},"modified":"2026-02-04T14:29:58","modified_gmt":"2026-02-04T17:29:58","slug":"escreva-e-apague-vamos-aprender-os-numeros","status":"publish","type":"product","link":"https:\/\/www.livrariarema.com.br\/loja\/produtos\/livros\/infantil\/escreva-e-apague-vamos-aprender-os-numeros\/","title":{"rendered":"Escreva E Apague &#8211; Vamos Aprender Os N\u00fameros"},"content":{"rendered":"<p>Com este livro incr\u00edvel, voc\u00ea vai poder escrever e apagar quantas vezes quiser. Prepare-se para a divers\u00e3o!<\/p>\n","protected":false},"excerpt":{"rendered":"<p>Com este livro incr\u00edvel, voc\u00ea vai poder escrever e apagar quantas vezes quiser. Prepare-se para a divers\u00e3o!<\/p>\n","protected":false},"featured_media":341207,"comment_status":"open","ping_status":"closed","template":"","meta":[],"product_cat":[144,134],"product_tag":[],"_links":{"self":[{"href":"https:\/\/www.livrariarema.com.br\/loja\/wp-json\/wp\/v2\/product\/341208"}],"collection":[{"href":"https:\/\/www.livrariarema.com.br\/loja\/wp-json\/wp\/v2\/product"}],"about":[{"href":"https:\/\/www.livrariarema.com.br\/loja\/wp-json\/wp\/v2\/types\/product"}],"replies":[{"embeddable":true,"href":"https:\/\/www.livrariarema.com.br\/loja\/wp-json\/wp\/v2\/comments?post=341208"}],"wp:featuredmedia":[{"embeddable":true,"href":"https:\/\/www.livrariarema.com.br\/loja\/wp-json\/wp\/v2\/media\/341207"}],"wp:attachment":[{"href":"https:\/\/www.livrariarema.com.br\/loja\/wp-json\/wp\/v2\/media?parent=341208"}],"wp:term":[{"taxonomy":"product_cat","embeddable":true,"href":"https:\/\/www.livrariarema.com.br\/loja\/wp-json\/wp\/v2\/product_cat?post=341208"},{"taxonomy":"product_tag","embeddable":true,"href":"https:\/\/www.livrariarema.com.br\/loja\/wp-json\/wp\/v2\/product_tag?post=341208"}],"curies":[{"name":"wp","href":"https:\/\/api.w.org\/{rel}","templated":true}]}}