{"id":341213,"date":"2025-11-24T12:16:31","date_gmt":"2025-11-24T15:16:31","guid":{"rendered":"https:\/\/www.livrariarema.com.br\/loja\/produtos\/sem categoria\/escreva-e-apague-vamos-aprender-letra-cursiva\/"},"modified":"2025-11-24T12:16:33","modified_gmt":"2025-11-24T15:16:33","slug":"escreva-e-apague-vamos-aprender-letra-cursiva","status":"publish","type":"product","link":"https:\/\/www.livrariarema.com.br\/loja\/produtos\/livros\/infantil\/escreva-e-apague-vamos-aprender-letra-cursiva\/","title":{"rendered":"Escreva E Apague &#8211; Vamos Aprender Letra Cursiva"},"content":{"rendered":"<p>Com este livro incr\u00edvel, voc\u00ea vai poder escrever e apagar quantas vezes quiser. Prepare-se para a divers\u00e3o!<\/p>\n","protected":false},"excerpt":{"rendered":"<p>Com este livro incr\u00edvel, voc\u00ea vai poder escrever e apagar quantas vezes quiser. Prepare-se para a divers\u00e3o!<\/p>\n","protected":false},"featured_media":341212,"comment_status":"open","ping_status":"closed","template":"","meta":[],"product_cat":[144,134],"product_tag":[],"_links":{"self":[{"href":"https:\/\/www.livrariarema.com.br\/loja\/wp-json\/wp\/v2\/product\/341213"}],"collection":[{"href":"https:\/\/www.livrariarema.com.br\/loja\/wp-json\/wp\/v2\/product"}],"about":[{"href":"https:\/\/www.livrariarema.com.br\/loja\/wp-json\/wp\/v2\/types\/product"}],"replies":[{"embeddable":true,"href":"https:\/\/www.livrariarema.com.br\/loja\/wp-json\/wp\/v2\/comments?post=341213"}],"wp:featuredmedia":[{"embeddable":true,"href":"https:\/\/www.livrariarema.com.br\/loja\/wp-json\/wp\/v2\/media\/341212"}],"wp:attachment":[{"href":"https:\/\/www.livrariarema.com.br\/loja\/wp-json\/wp\/v2\/media?parent=341213"}],"wp:term":[{"taxonomy":"product_cat","embeddable":true,"href":"https:\/\/www.livrariarema.com.br\/loja\/wp-json\/wp\/v2\/product_cat?post=341213"},{"taxonomy":"product_tag","embeddable":true,"href":"https:\/\/www.livrariarema.com.br\/loja\/wp-json\/wp\/v2\/product_tag?post=341213"}],"curies":[{"name":"wp","href":"https:\/\/api.w.org\/{rel}","templated":true}]}}