{"id":341217,"date":"2025-11-24T12:16:45","date_gmt":"2025-11-24T15:16:45","guid":{"rendered":"https:\/\/www.livrariarema.com.br\/loja\/produtos\/sem categoria\/livro-adesivos-dinossauros\/"},"modified":"2026-04-08T15:36:32","modified_gmt":"2026-04-08T18:36:32","slug":"livro-adesivos-dinossauros","status":"publish","type":"product","link":"https:\/\/www.livrariarema.com.br\/loja\/produtos\/livros\/didatico\/livro-adesivos-dinossauros\/","title":{"rendered":"Livro Adesivos &#8211; Dinossauros"},"content":{"rendered":"<p>Embarque na pr\u00e9-hist\u00f3ria e conhe\u00e7a criaturas incr\u00edveis com este livro de atividades! H\u00e1 diversas atividades para sua divers\u00e3o, desde encontrar diferen\u00e7as jur\u00e1ssicas e tra\u00e7ar caminhos selvagens at\u00e9 pintar cenas \u00e9picas. Al\u00e9m disso, h\u00e1 adesivos que brilham no escuro e figuras destac\u00e1veis para montar e brincar.<\/p>\n","protected":false},"excerpt":{"rendered":"<p>Embarque na pr\u00e9-hist\u00f3ria e conhe\u00e7a criaturas incr\u00edveis com este livro de atividades! H\u00e1 diversas atividades para sua divers\u00e3o, desde encontrar&hellip;<\/p>\n","protected":false},"featured_media":341216,"comment_status":"open","ping_status":"closed","template":"","meta":[],"product_cat":[185,134],"product_tag":[],"_links":{"self":[{"href":"https:\/\/www.livrariarema.com.br\/loja\/wp-json\/wp\/v2\/product\/341217"}],"collection":[{"href":"https:\/\/www.livrariarema.com.br\/loja\/wp-json\/wp\/v2\/product"}],"about":[{"href":"https:\/\/www.livrariarema.com.br\/loja\/wp-json\/wp\/v2\/types\/product"}],"replies":[{"embeddable":true,"href":"https:\/\/www.livrariarema.com.br\/loja\/wp-json\/wp\/v2\/comments?post=341217"}],"wp:featuredmedia":[{"embeddable":true,"href":"https:\/\/www.livrariarema.com.br\/loja\/wp-json\/wp\/v2\/media\/341216"}],"wp:attachment":[{"href":"https:\/\/www.livrariarema.com.br\/loja\/wp-json\/wp\/v2\/media?parent=341217"}],"wp:term":[{"taxonomy":"product_cat","embeddable":true,"href":"https:\/\/www.livrariarema.com.br\/loja\/wp-json\/wp\/v2\/product_cat?post=341217"},{"taxonomy":"product_tag","embeddable":true,"href":"https:\/\/www.livrariarema.com.br\/loja\/wp-json\/wp\/v2\/product_tag?post=341217"}],"curies":[{"name":"wp","href":"https:\/\/api.w.org\/{rel}","templated":true}]}}