{"id":341224,"date":"2025-11-24T12:17:27","date_gmt":"2025-11-24T15:17:27","guid":{"rendered":"https:\/\/www.livrariarema.com.br\/loja\/produtos\/sem categoria\/almofadado-medio-3-palavrinhas-biblia-para-criancas\/"},"modified":"2026-04-04T11:11:53","modified_gmt":"2026-04-04T14:11:53","slug":"almofadado-medio-3-palavrinhas-biblia-para-criancas","status":"publish","type":"product","link":"https:\/\/www.livrariarema.com.br\/loja\/produtos\/livros\/infantil\/almofadado-medio-3-palavrinhas-biblia-para-criancas\/","title":{"rendered":"Almofadado M\u00e9dio &#8211; 3 Palavrinhas &#8211; B\u00edblia Para Crian\u00e7as"},"content":{"rendered":"<p>Conhe\u00e7a lindas hist\u00f3rias do Antigo e Novo Testamento! Junto da Turma de 3 Palavrinhas, voc\u00ea vai descobrir os ensinamentos de Jesus e aprender valores como bondade e compaix\u00e3o.<\/p>\n","protected":false},"excerpt":{"rendered":"<p>Conhe\u00e7a lindas hist\u00f3rias do Antigo e Novo Testamento! Junto da Turma de 3 Palavrinhas, voc\u00ea vai descobrir os ensinamentos de&hellip;<\/p>\n","protected":false},"featured_media":341223,"comment_status":"open","ping_status":"closed","template":"","meta":[],"product_cat":[144,134],"product_tag":[],"_links":{"self":[{"href":"https:\/\/www.livrariarema.com.br\/loja\/wp-json\/wp\/v2\/product\/341224"}],"collection":[{"href":"https:\/\/www.livrariarema.com.br\/loja\/wp-json\/wp\/v2\/product"}],"about":[{"href":"https:\/\/www.livrariarema.com.br\/loja\/wp-json\/wp\/v2\/types\/product"}],"replies":[{"embeddable":true,"href":"https:\/\/www.livrariarema.com.br\/loja\/wp-json\/wp\/v2\/comments?post=341224"}],"wp:featuredmedia":[{"embeddable":true,"href":"https:\/\/www.livrariarema.com.br\/loja\/wp-json\/wp\/v2\/media\/341223"}],"wp:attachment":[{"href":"https:\/\/www.livrariarema.com.br\/loja\/wp-json\/wp\/v2\/media?parent=341224"}],"wp:term":[{"taxonomy":"product_cat","embeddable":true,"href":"https:\/\/www.livrariarema.com.br\/loja\/wp-json\/wp\/v2\/product_cat?post=341224"},{"taxonomy":"product_tag","embeddable":true,"href":"https:\/\/www.livrariarema.com.br\/loja\/wp-json\/wp\/v2\/product_tag?post=341224"}],"curies":[{"name":"wp","href":"https:\/\/api.w.org\/{rel}","templated":true}]}}