{"id":341228,"date":"2025-11-24T12:18:10","date_gmt":"2025-11-24T15:18:10","guid":{"rendered":"https:\/\/www.livrariarema.com.br\/loja\/produtos\/sem categoria\/escreva-e-apague-atividades-ludicas-kit-escreva-e-apague\/"},"modified":"2025-11-24T12:18:12","modified_gmt":"2025-11-24T15:18:12","slug":"escreva-e-apague-atividades-ludicas-kit-escreva-e-apague","status":"publish","type":"product","link":"https:\/\/www.livrariarema.com.br\/loja\/produtos\/livros\/infantil\/escreva-e-apague-atividades-ludicas-kit-escreva-e-apague\/","title":{"rendered":"Escreva E Apague &#8211; Atividades L\u00fadicas &#8211; Kit Escreva E Apague"},"content":{"rendered":"<p>Este incr\u00edvel kit \u00e9 pura divers\u00e3o e muito aprendizado! Ele vem com um livro e oito canetas coloridas, para voc\u00ea fazer as atividades fant\u00e1sticas e, depois, apagar e refazer quantas vezes quiser! Tem jogo das sombras, labirinto, jogo dos erros, jogo das diferen\u00e7as e muito mais! Vem com: 8 canetas coloridas com miniapagadores acoplados e livro de atividades. Voc\u00ea vai adorar!<\/p>\n","protected":false},"excerpt":{"rendered":"<p>Este incr\u00edvel kit \u00e9 pura divers\u00e3o e muito aprendizado! Ele vem com um livro e oito canetas coloridas, para voc\u00ea&hellip;<\/p>\n","protected":false},"featured_media":341227,"comment_status":"open","ping_status":"closed","template":"","meta":[],"product_cat":[144,134],"product_tag":[],"_links":{"self":[{"href":"https:\/\/www.livrariarema.com.br\/loja\/wp-json\/wp\/v2\/product\/341228"}],"collection":[{"href":"https:\/\/www.livrariarema.com.br\/loja\/wp-json\/wp\/v2\/product"}],"about":[{"href":"https:\/\/www.livrariarema.com.br\/loja\/wp-json\/wp\/v2\/types\/product"}],"replies":[{"embeddable":true,"href":"https:\/\/www.livrariarema.com.br\/loja\/wp-json\/wp\/v2\/comments?post=341228"}],"wp:featuredmedia":[{"embeddable":true,"href":"https:\/\/www.livrariarema.com.br\/loja\/wp-json\/wp\/v2\/media\/341227"}],"wp:attachment":[{"href":"https:\/\/www.livrariarema.com.br\/loja\/wp-json\/wp\/v2\/media?parent=341228"}],"wp:term":[{"taxonomy":"product_cat","embeddable":true,"href":"https:\/\/www.livrariarema.com.br\/loja\/wp-json\/wp\/v2\/product_cat?post=341228"},{"taxonomy":"product_tag","embeddable":true,"href":"https:\/\/www.livrariarema.com.br\/loja\/wp-json\/wp\/v2\/product_tag?post=341228"}],"curies":[{"name":"wp","href":"https:\/\/api.w.org\/{rel}","templated":true}]}}